{"id":10617,"date":"2024-12-09T14:49:11","date_gmt":"2024-12-09T13:49:11","guid":{"rendered":"https:\/\/canut-conseil.fr\/?page_id=10617"},"modified":"2025-10-14T09:30:10","modified_gmt":"2025-10-14T07:30:10","slug":"formulaire-parrainage","status":"publish","type":"page","link":"https:\/\/canut-conseil.fr\/index.php\/formulaire-parrainage\/","title":{"rendered":"Formulaire parrainage"},"content":{"rendered":"\n<p class=\"has-text-align-center has-large-font-size\"><strong>Parrainez un proche, profitez d\u2019un cadeau de 300 \u20ac et plus\u2026<\/strong><\/p>\n\n\n\n<p>.<\/p>\n\n\n\n<p class=\"has-text-align-left\">Vous \u00eates satisfait de votre exp\u00e9rience immobili\u00e8re et \u00e0 l\u2019occasion d\u2019un petit caf\u00e9 avec une amie, d\u2019une discussion au travail avec un coll\u00e8gue ou simplement un membre de votre famille vous confie son envie de vendre un appartement\u2026\u00a0la question se pose : &#8220;<strong>tu connais un agent immobilier ?<\/strong>&#8220;<\/p>\n\n\n\n<p class=\"has-text-align-left\">\u00c7a tombe bien, car vous connaissez un agent immobilier pour l\u2019accompagner dans ses d\u00e9marches et r\u00e9ussir son projet en toute confiance.<\/p>\n\n\n\n<p class=\"has-text-align-left has-text-color has-link-color wp-elements-53e55b914c8bbdb8ffa4817105768938\" style=\"color:#fb4c0d\"><strong>OFFRE DE PARRAINAGE AVEC CANUT CONSEIL IMMOBILIER<\/strong><\/p>\n\n\n\n<p class=\"has-text-align-left has-text-color has-link-color wp-elements-fcb6160363a1474b144d8be0f7a839a3\" style=\"color:#fb4c0d\">1 &#8211; <strong><u>Quel sera mon cadeau en tant que parrain&nbsp;?<\/u><\/strong><\/p>\n\n\n\n<p class=\"has-text-align-left has-black-color has-text-color has-link-color wp-elements-b11b1b704206713a7e7bc859670ab5e9\">\ud83c\udf81 Une fois la vente r\u00e9alis\u00e9e par notre interm\u00e9diaire et signature de l&#8217;acte authentique, vous aurez le plaisir de vous voir offrir <strong>un ch\u00e8que d\u2019une valeur de 300 \u20ac<\/strong> <\/p>\n\n\n\n<p class=\"has-text-align-left has-black-color has-text-color has-link-color wp-elements-7d252f41de2ad6a6fa3843a29d0e977a\">A utiliser pour une petite escapade, un moment d\u00e9tente entre amis ou encore journ\u00e9e shopping.<\/p>\n\n\n\n<p class=\"has-text-align-left has-text-color has-link-color wp-elements-210aeaed344b8c2f3b969661a5102784\" style=\"color:#fb4c0d\">2 &#8211; <strong><u>Quel avantage pour mon filleul&nbsp;?<\/u><\/strong><\/p>\n\n\n\n<p class=\"has-text-align-left has-black-color has-text-color has-link-color wp-elements-deeac869984705c413183624b1ca31a5\">Le parrainage immobilier, un choix qui permet d\u2019\u00e9tablir d\u00e8s le d\u00e9part une relation de confiance.<\/p>\n\n\n\n<p class=\"has-text-align-left has-black-color has-text-color has-link-color wp-elements-1106c8f746392203d782416355b56b40\">Et en plus nous lui offrons de votre part un avantage : la possibilit\u00e9 de <strong>se faire rembourser jusqu\u2019\u00e0 528 \u20ac <\/strong>sur la valeur des principaux diagnostics immobilier (plomb, amiante, carrez, dpe, gaz, \u00e9lectricit\u00e9, \u00e9tat des risques).<\/p>\n\n\n\n<p class=\"has-text-align-left has-text-color has-link-color wp-elements-5145817da485e3f6f6a037e3128d4767\" style=\"color:#fb4c0d\">3 &#8211; <strong><u>Offre multi-parrainage : qu\u2019est-ce que c\u2019est&nbsp;?<\/u><\/strong><\/p>\n\n\n\n<p class=\"has-text-align-left has-black-color has-text-color has-link-color wp-elements-16edf728f7ad74e676c03d47bd4496eb\">\ud83c\udf81\ud83c\udf81\u263a\ufe0f Au bout de deuxi\u00e8me parrainage r\u00e9ussi, profitez du <strong>doublement de votre cadeau<\/strong> en tant que parrain vous b\u00e9n\u00e9ficier d\u2019un ch\u00e8que de 600 \u20ac\u2026soit au total 900 \u20ac pour les 2 parrainages&nbsp;!<\/p>\n\n\n\n<p class=\"has-text-align-left has-black-color has-text-color has-link-color wp-elements-21e00032d4ca09123995f5c96df5f904\"><strong>\u2026maintenant \u00e0 vous de jouer&nbsp;!<\/strong><\/p>\n\n\n\n<p class=\"has-text-align-left\">Si vous avez une question ou besoin de conseils, votre conseiller habituel reste \u00e0 votre disposition au 04.78.39.71.98<\/p>\n\n\n\n<p class=\"has-white-color has-text-color has-link-color wp-elements-7e4ac651328708ea719ac0894fa30934\">.<\/p>\n\n\n\n<figure class=\"wp-block-gallery has-nested-images columns-default is-cropped wp-block-gallery-1 is-layout-flex wp-block-gallery-is-layout-flex\">\n<figure class=\"wp-block-image size-full\"><img loading=\"lazy\" decoding=\"async\" width=\"1206\" height=\"780\" data-id=\"11209\" src=\"https:\/\/canut-conseil.fr\/wp-content\/uploads\/2025\/02\/CARTE-PARRAINAGE.png\" alt=\"\" class=\"wp-image-11209\" srcset=\"https:\/\/canut-conseil.fr\/wp-content\/uploads\/2025\/02\/CARTE-PARRAINAGE.png 1206w, https:\/\/canut-conseil.fr\/wp-content\/uploads\/2025\/02\/CARTE-PARRAINAGE-300x194.png 300w, https:\/\/canut-conseil.fr\/wp-content\/uploads\/2025\/02\/CARTE-PARRAINAGE-1024x662.png 1024w, https:\/\/canut-conseil.fr\/wp-content\/uploads\/2025\/02\/CARTE-PARRAINAGE-768x497.png 768w\" sizes=\"auto, (max-width: 1206px) 100vw, 1206px\" \/><\/figure>\n<\/figure>\n\n\n\n<p class=\"has-text-align-left has-text-color has-link-color wp-elements-f8e827eab4ccc054ce41616d1b255b0e\" style=\"color:#fb4c0d\"><strong>Pour en profiter, c\u2019est tr\u00e8s simple, il vous suffit de remplir vos coordonn\u00e9es et celles de votre filleul.<\/strong><\/p>\n\n\n<div class=\"wpforms-container wpforms-container-full wpforms-block wpforms-block-9677d50d-6daa-47cb-aa26-47fd638df107\" id=\"wpforms-10628\"><form id=\"wpforms-form-10628\" class=\"wpforms-validate wpforms-form wpforms-ajax-form\" data-formid=\"10628\" method=\"post\" enctype=\"multipart\/form-data\" action=\"\/index.php\/wp-json\/wp\/v2\/pages\/10617\" data-token=\"13960af9106f7aa313c7f7a33814a199\" data-token-time=\"1776654064\"><noscript class=\"wpforms-error-noscript\">Veuillez activer JavaScript dans votre navigateur pour remplir ce formulaire.<\/noscript><div class=\"wpforms-field-container\"><div id=\"wpforms-10628-field_26-container\" class=\"wpforms-field wpforms-field-checkbox\" data-field-id=\"26\"><label class=\"wpforms-field-label\">\u270d PARRAINAGE (cochez la case) <span class=\"wpforms-required-label\">*<\/span><\/label><ul id=\"wpforms-10628-field_26\" class=\"wpforms-field-required\"><li class=\"choice-1 depth-1\"><input type=\"checkbox\" id=\"wpforms-10628-field_26_1\" name=\"wpforms[fields][26][]\" value=\"=&gt; J&#039;ai bien not\u00e9 les conditions ci-dessus pour valider ce parrainage\" required ><label class=\"wpforms-field-label-inline\" for=\"wpforms-10628-field_26_1\">=&gt; J&#8217;ai bien not\u00e9 les conditions ci-dessus pour valider ce parrainage<\/label><\/li><\/ul><\/div><div id=\"wpforms-10628-field_24-container\" class=\"wpforms-field wpforms-field-checkbox\" data-field-id=\"24\"><label class=\"wpforms-field-label\">Commune o\u00f9 se trouve le bien \u00e0 vendre <span class=\"wpforms-required-label\">*<\/span><\/label><ul id=\"wpforms-10628-field_24\" class=\"wpforms-field-required\"><li class=\"choice-1 depth-1\"><input type=\"checkbox\" id=\"wpforms-10628-field_24_1\" name=\"wpforms[fields][24][]\" value=\"Lyon 1er\" required ><label class=\"wpforms-field-label-inline\" for=\"wpforms-10628-field_24_1\">Lyon 1er<\/label><\/li><li class=\"choice-2 depth-1\"><input type=\"checkbox\" id=\"wpforms-10628-field_24_2\" name=\"wpforms[fields][24][]\" value=\"Lyon 2\u00e8me\" required ><label class=\"wpforms-field-label-inline\" for=\"wpforms-10628-field_24_2\">Lyon 2\u00e8me<\/label><\/li><li class=\"choice-3 depth-1\"><input type=\"checkbox\" id=\"wpforms-10628-field_24_3\" name=\"wpforms[fields][24][]\" value=\"Lyon 3\u00e8me\" required ><label class=\"wpforms-field-label-inline\" for=\"wpforms-10628-field_24_3\">Lyon 3\u00e8me<\/label><\/li><li class=\"choice-10 depth-1\"><input type=\"checkbox\" id=\"wpforms-10628-field_24_10\" name=\"wpforms[fields][24][]\" value=\"Lyon 4\u00e8me\" required ><label class=\"wpforms-field-label-inline\" for=\"wpforms-10628-field_24_10\">Lyon 4\u00e8me<\/label><\/li><li class=\"choice-9 depth-1\"><input type=\"checkbox\" id=\"wpforms-10628-field_24_9\" name=\"wpforms[fields][24][]\" value=\"Lyon 5\u00e8me\" required ><label class=\"wpforms-field-label-inline\" for=\"wpforms-10628-field_24_9\">Lyon 5\u00e8me<\/label><\/li><li class=\"choice-8 depth-1\"><input type=\"checkbox\" id=\"wpforms-10628-field_24_8\" name=\"wpforms[fields][24][]\" value=\"Lyon 6\u00e8me\" required ><label class=\"wpforms-field-label-inline\" for=\"wpforms-10628-field_24_8\">Lyon 6\u00e8me<\/label><\/li><li class=\"choice-7 depth-1\"><input type=\"checkbox\" id=\"wpforms-10628-field_24_7\" name=\"wpforms[fields][24][]\" value=\"Lyon 7\u00e8me\" required ><label class=\"wpforms-field-label-inline\" for=\"wpforms-10628-field_24_7\">Lyon 7\u00e8me<\/label><\/li><li class=\"choice-6 depth-1\"><input type=\"checkbox\" id=\"wpforms-10628-field_24_6\" name=\"wpforms[fields][24][]\" value=\"Lyon 8\u00e8me\" required ><label class=\"wpforms-field-label-inline\" for=\"wpforms-10628-field_24_6\">Lyon 8\u00e8me<\/label><\/li><li class=\"choice-5 depth-1\"><input type=\"checkbox\" id=\"wpforms-10628-field_24_5\" name=\"wpforms[fields][24][]\" value=\"Lyon 9\u00e8me\" required ><label class=\"wpforms-field-label-inline\" for=\"wpforms-10628-field_24_5\">Lyon 9\u00e8me<\/label><\/li><li class=\"choice-4 depth-1\"><input type=\"checkbox\" id=\"wpforms-10628-field_24_4\" name=\"wpforms[fields][24][]\" value=\"Caluire-et-Cuire\" required ><label class=\"wpforms-field-label-inline\" for=\"wpforms-10628-field_24_4\">Caluire-et-Cuire<\/label><\/li><li class=\"choice-11 depth-1\"><input type=\"checkbox\" id=\"wpforms-10628-field_24_11\" name=\"wpforms[fields][24][]\" value=\"Autre\" required ><label class=\"wpforms-field-label-inline\" for=\"wpforms-10628-field_24_11\">Autre<\/label><\/li><\/ul><\/div><div id=\"wpforms-10628-field_6-container\" class=\"wpforms-field wpforms-field-textarea\" data-field-id=\"6\"><label class=\"wpforms-field-label\" for=\"wpforms-10628-field_6\">Votre message ou observations<\/label><textarea id=\"wpforms-10628-field_6\" class=\"wpforms-field-medium\" name=\"wpforms[fields][6]\" ><\/textarea><\/div><div id=\"wpforms-10628-field_13-container\" class=\"wpforms-field wpforms-field-name\" data-field-id=\"13\"><label class=\"wpforms-field-label\">VOUS (PARRAIN) : Pr\u00e9nom et Nom <span class=\"wpforms-required-label\">*<\/span><\/label><div class=\"wpforms-field-row wpforms-field-large\"><div class=\"wpforms-field-row-block wpforms-first wpforms-one-half\"><input type=\"text\" id=\"wpforms-10628-field_13\" class=\"wpforms-field-name-first wpforms-field-required\" name=\"wpforms[fields][13][first]\" required><label for=\"wpforms-10628-field_13\" class=\"wpforms-field-sublabel after\">Pr\u00e9nom<\/label><\/div><div class=\"wpforms-field-row-block wpforms-one-half\"><input type=\"text\" id=\"wpforms-10628-field_13-last\" class=\"wpforms-field-name-last wpforms-field-required\" name=\"wpforms[fields][13][last]\" required><label for=\"wpforms-10628-field_13-last\" class=\"wpforms-field-sublabel after\">Nom<\/label><\/div><\/div><\/div><div id=\"wpforms-10628-field_15-container\" class=\"wpforms-field wpforms-field-phone\" data-field-id=\"15\"><label class=\"wpforms-field-label\" for=\"wpforms-10628-field_15\">T\u00e9l\u00e9phone <span class=\"wpforms-required-label\">*<\/span><\/label><input type=\"tel\" id=\"wpforms-10628-field_15\" class=\"wpforms-field-medium wpforms-field-required wpforms-smart-phone-field\" data-rule-smart-phone-field=\"true\" name=\"wpforms[fields][15]\" aria-label=\"T\u00e9l\u00e9phone\" required><\/div><div id=\"wpforms-10628-field_14-container\" class=\"wpforms-field wpforms-field-email\" data-field-id=\"14\"><label class=\"wpforms-field-label\" for=\"wpforms-10628-field_14\">E-mail <span class=\"wpforms-required-label\">*<\/span><\/label><input type=\"email\" id=\"wpforms-10628-field_14\" class=\"wpforms-field-medium wpforms-field-required\" name=\"wpforms[fields][14]\" spellcheck=\"false\" required><\/div><div id=\"wpforms-10628-field_16-container\" class=\"wpforms-field wpforms-field-name\" data-field-id=\"16\"><label class=\"wpforms-field-label\">(VOTRE FILLEUL) : Pr\u00e9nom et Nom <span class=\"wpforms-required-label\">*<\/span><\/label><div class=\"wpforms-field-row wpforms-field-large\"><div class=\"wpforms-field-row-block wpforms-first wpforms-one-half\"><input type=\"text\" id=\"wpforms-10628-field_16\" class=\"wpforms-field-name-first wpforms-field-required\" name=\"wpforms[fields][16][first]\" required><label for=\"wpforms-10628-field_16\" class=\"wpforms-field-sublabel after\">Pr\u00e9nom<\/label><\/div><div class=\"wpforms-field-row-block wpforms-one-half\"><input type=\"text\" id=\"wpforms-10628-field_16-last\" class=\"wpforms-field-name-last wpforms-field-required\" name=\"wpforms[fields][16][last]\" required><label for=\"wpforms-10628-field_16-last\" class=\"wpforms-field-sublabel after\">Nom<\/label><\/div><\/div><\/div><div id=\"wpforms-10628-field_17-container\" class=\"wpforms-field wpforms-field-phone\" data-field-id=\"17\"><label class=\"wpforms-field-label\" for=\"wpforms-10628-field_17\">T\u00e9l\u00e9phone <\/label><input type=\"tel\" id=\"wpforms-10628-field_17\" class=\"wpforms-field-medium wpforms-smart-phone-field\" data-rule-smart-phone-field=\"true\" name=\"wpforms[fields][17]\" aria-label=\"T\u00e9l\u00e9phone \" ><\/div><div id=\"wpforms-10628-field_18-container\" class=\"wpforms-field wpforms-field-email\" data-field-id=\"18\"><label class=\"wpforms-field-label\" for=\"wpforms-10628-field_18\">E-mail <\/label><input type=\"email\" id=\"wpforms-10628-field_18\" class=\"wpforms-field-medium\" name=\"wpforms[fields][18]\" spellcheck=\"false\" ><\/div><\/div><!-- .wpforms-field-container --><div class=\"wpforms-submit-container\" ><input type=\"hidden\" name=\"wpforms[id]\" value=\"10628\"><input type=\"hidden\" name=\"page_title\" value=\"\"><input type=\"hidden\" name=\"page_url\" value=\"https:\/\/canut-conseil.fr\/index.php\/wp-json\/wp\/v2\/pages\/10617\"><input type=\"hidden\" name=\"url_referer\" value=\"\"><button type=\"submit\" name=\"wpforms[submit]\" id=\"wpforms-submit-10628\" class=\"wpforms-submit\" data-alt-text=\"Envoi...\" data-submit-text=\"Envoyer parrainage\" aria-live=\"assertive\" value=\"wpforms-submit\">Envoyer parrainage<\/button><img loading=\"lazy\" decoding=\"async\" src=\"https:\/\/canut-conseil.fr\/wp-content\/plugins\/wpforms\/assets\/images\/submit-spin.svg\" class=\"wpforms-submit-spinner\" style=\"display: none;\" width=\"26\" height=\"26\" alt=\"Chargement en cours\"><\/div><\/form><\/div>  <!-- .wpforms-container -->","protected":false},"excerpt":{"rendered":"<p>Parrainez un proche, profitez d\u2019un cadeau de 300 \u20ac et plus\u2026 . Vous \u00eates satisfait de votre exp\u00e9rience immobili\u00e8re et \u00e0 l\u2019occasion d\u2019un petit caf\u00e9 avec une amie, d\u2019une discussion au travail avec un coll\u00e8gue ou simplement un membre de votre famille vous confie son envie de vendre un appartement\u2026\u00a0la question se pose : &#8220;tu&hellip; <br \/> <a class=\"read-more\" href=\"https:\/\/canut-conseil.fr\/index.php\/formulaire-parrainage\/\">Lire la suite<\/a><\/p>\n","protected":false},"author":1,"featured_media":10365,"parent":0,"menu_order":0,"comment_status":"closed","ping_status":"closed","template":"","meta":{"footnotes":""},"class_list":["post-10617","page","type-page","status-publish","has-post-thumbnail","hentry"],"yoast_head":"<!-- This site is optimized with the Yoast SEO plugin v25.5 - https:\/\/yoast.com\/wordpress\/plugins\/seo\/ -->\n<title>Formulaire parrainage - CANUT CONSEIL IMMOBILIER<\/title>\n<meta name=\"robots\" content=\"index, follow, max-snippet:-1, max-image-preview:large, max-video-preview:-1\" \/>\n<link rel=\"canonical\" href=\"https:\/\/canut-conseil.fr\/index.php\/formulaire-parrainage\/\" \/>\n<meta property=\"og:locale\" content=\"fr_FR\" \/>\n<meta property=\"og:type\" content=\"article\" \/>\n<meta property=\"og:title\" content=\"Formulaire parrainage - CANUT CONSEIL IMMOBILIER\" \/>\n<meta property=\"og:description\" content=\"Parrainez un proche, profitez d\u2019un cadeau de 300 \u20ac et plus\u2026 . Vous \u00eates satisfait de votre exp\u00e9rience immobili\u00e8re et \u00e0 l\u2019occasion d\u2019un petit caf\u00e9 avec une amie, d\u2019une discussion au travail avec un coll\u00e8gue ou simplement un membre de votre famille vous confie son envie de vendre un appartement\u2026\u00a0la question se pose : &#8220;tu&hellip; Lire la suite\" \/>\n<meta property=\"og:url\" content=\"https:\/\/canut-conseil.fr\/index.php\/formulaire-parrainage\/\" \/>\n<meta property=\"og:site_name\" content=\"CANUT CONSEIL IMMOBILIER\" \/>\n<meta property=\"article:modified_time\" content=\"2025-10-14T07:30:10+00:00\" \/>\n<meta property=\"og:image\" content=\"https:\/\/canut-conseil.fr\/wp-content\/uploads\/2024\/10\/Illustration-Finale-Canuts-redim-site-web.jpg\" \/>\n\t<meta property=\"og:image:width\" content=\"744\" \/>\n\t<meta property=\"og:image:height\" content=\"1053\" \/>\n\t<meta property=\"og:image:type\" content=\"image\/jpeg\" \/>\n<meta name=\"twitter:card\" content=\"summary_large_image\" \/>\n<meta name=\"twitter:label1\" content=\"Dur\u00e9e de lecture estim\u00e9e\" \/>\n\t<meta name=\"twitter:data1\" content=\"2 minutes\" \/>\n<script type=\"application\/ld+json\" class=\"yoast-schema-graph\">{\"@context\":\"https:\/\/schema.org\",\"@graph\":[{\"@type\":\"WebPage\",\"@id\":\"https:\/\/canut-conseil.fr\/index.php\/formulaire-parrainage\/\",\"url\":\"https:\/\/canut-conseil.fr\/index.php\/formulaire-parrainage\/\",\"name\":\"Formulaire parrainage - CANUT CONSEIL IMMOBILIER\",\"isPartOf\":{\"@id\":\"https:\/\/canut-conseil.fr\/#website\"},\"primaryImageOfPage\":{\"@id\":\"https:\/\/canut-conseil.fr\/index.php\/formulaire-parrainage\/#primaryimage\"},\"image\":{\"@id\":\"https:\/\/canut-conseil.fr\/index.php\/formulaire-parrainage\/#primaryimage\"},\"thumbnailUrl\":\"https:\/\/canut-conseil.fr\/wp-content\/uploads\/2024\/10\/Illustration-Finale-Canuts-redim-site-web.jpg\",\"datePublished\":\"2024-12-09T13:49:11+00:00\",\"dateModified\":\"2025-10-14T07:30:10+00:00\",\"breadcrumb\":{\"@id\":\"https:\/\/canut-conseil.fr\/index.php\/formulaire-parrainage\/#breadcrumb\"},\"inLanguage\":\"fr-FR\",\"potentialAction\":[{\"@type\":\"ReadAction\",\"target\":[\"https:\/\/canut-conseil.fr\/index.php\/formulaire-parrainage\/\"]}]},{\"@type\":\"ImageObject\",\"inLanguage\":\"fr-FR\",\"@id\":\"https:\/\/canut-conseil.fr\/index.php\/formulaire-parrainage\/#primaryimage\",\"url\":\"https:\/\/canut-conseil.fr\/wp-content\/uploads\/2024\/10\/Illustration-Finale-Canuts-redim-site-web.jpg\",\"contentUrl\":\"https:\/\/canut-conseil.fr\/wp-content\/uploads\/2024\/10\/Illustration-Finale-Canuts-redim-site-web.jpg\",\"width\":744,\"height\":1053},{\"@type\":\"BreadcrumbList\",\"@id\":\"https:\/\/canut-conseil.fr\/index.php\/formulaire-parrainage\/#breadcrumb\",\"itemListElement\":[{\"@type\":\"ListItem\",\"position\":1,\"name\":\"Accueil\",\"item\":\"https:\/\/canut-conseil.fr\/\"},{\"@type\":\"ListItem\",\"position\":2,\"name\":\"Formulaire parrainage\"}]},{\"@type\":\"WebSite\",\"@id\":\"https:\/\/canut-conseil.fr\/#website\",\"url\":\"https:\/\/canut-conseil.fr\/\",\"name\":\"CANUT CONSEIL IMMOBILIER Lyon Croix-Rousse (69004)\",\"description\":\"Agent immobilier \u00e0 Lyon \/ Croix-Rousse\",\"publisher\":{\"@id\":\"https:\/\/canut-conseil.fr\/#organization\"},\"potentialAction\":[{\"@type\":\"SearchAction\",\"target\":{\"@type\":\"EntryPoint\",\"urlTemplate\":\"https:\/\/canut-conseil.fr\/?s={search_term_string}\"},\"query-input\":{\"@type\":\"PropertyValueSpecification\",\"valueRequired\":true,\"valueName\":\"search_term_string\"}}],\"inLanguage\":\"fr-FR\"},{\"@type\":\"Organization\",\"@id\":\"https:\/\/canut-conseil.fr\/#organization\",\"name\":\"CANUT CONSEIL IMMOBILIER Lyon Croix-Rousse (69004)\",\"url\":\"https:\/\/canut-conseil.fr\/\",\"logo\":{\"@type\":\"ImageObject\",\"inLanguage\":\"fr-FR\",\"@id\":\"https:\/\/canut-conseil.fr\/#\/schema\/logo\/image\/\",\"url\":\"https:\/\/canut-conseil.fr\/wp-content\/uploads\/2021\/12\/cropped-logo-nobackground-200-1.png\",\"contentUrl\":\"https:\/\/canut-conseil.fr\/wp-content\/uploads\/2021\/12\/cropped-logo-nobackground-200-1.png\",\"width\":200,\"height\":200,\"caption\":\"CANUT CONSEIL IMMOBILIER Lyon Croix-Rousse (69004)\"},\"image\":{\"@id\":\"https:\/\/canut-conseil.fr\/#\/schema\/logo\/image\/\"}}]}<\/script>\n<!-- \/ Yoast SEO plugin. -->","yoast_head_json":{"title":"Formulaire parrainage - CANUT CONSEIL IMMOBILIER","robots":{"index":"index","follow":"follow","max-snippet":"max-snippet:-1","max-image-preview":"max-image-preview:large","max-video-preview":"max-video-preview:-1"},"canonical":"https:\/\/canut-conseil.fr\/index.php\/formulaire-parrainage\/","og_locale":"fr_FR","og_type":"article","og_title":"Formulaire parrainage - CANUT CONSEIL IMMOBILIER","og_description":"Parrainez un proche, profitez d\u2019un cadeau de 300 \u20ac et plus\u2026 . Vous \u00eates satisfait de votre exp\u00e9rience immobili\u00e8re et \u00e0 l\u2019occasion d\u2019un petit caf\u00e9 avec une amie, d\u2019une discussion au travail avec un coll\u00e8gue ou simplement un membre de votre famille vous confie son envie de vendre un appartement\u2026\u00a0la question se pose : &#8220;tu&hellip; Lire la suite","og_url":"https:\/\/canut-conseil.fr\/index.php\/formulaire-parrainage\/","og_site_name":"CANUT CONSEIL IMMOBILIER","article_modified_time":"2025-10-14T07:30:10+00:00","og_image":[{"width":744,"height":1053,"url":"https:\/\/canut-conseil.fr\/wp-content\/uploads\/2024\/10\/Illustration-Finale-Canuts-redim-site-web.jpg","type":"image\/jpeg"}],"twitter_card":"summary_large_image","twitter_misc":{"Dur\u00e9e de lecture estim\u00e9e":"2 minutes"},"schema":{"@context":"https:\/\/schema.org","@graph":[{"@type":"WebPage","@id":"https:\/\/canut-conseil.fr\/index.php\/formulaire-parrainage\/","url":"https:\/\/canut-conseil.fr\/index.php\/formulaire-parrainage\/","name":"Formulaire parrainage - CANUT CONSEIL IMMOBILIER","isPartOf":{"@id":"https:\/\/canut-conseil.fr\/#website"},"primaryImageOfPage":{"@id":"https:\/\/canut-conseil.fr\/index.php\/formulaire-parrainage\/#primaryimage"},"image":{"@id":"https:\/\/canut-conseil.fr\/index.php\/formulaire-parrainage\/#primaryimage"},"thumbnailUrl":"https:\/\/canut-conseil.fr\/wp-content\/uploads\/2024\/10\/Illustration-Finale-Canuts-redim-site-web.jpg","datePublished":"2024-12-09T13:49:11+00:00","dateModified":"2025-10-14T07:30:10+00:00","breadcrumb":{"@id":"https:\/\/canut-conseil.fr\/index.php\/formulaire-parrainage\/#breadcrumb"},"inLanguage":"fr-FR","potentialAction":[{"@type":"ReadAction","target":["https:\/\/canut-conseil.fr\/index.php\/formulaire-parrainage\/"]}]},{"@type":"ImageObject","inLanguage":"fr-FR","@id":"https:\/\/canut-conseil.fr\/index.php\/formulaire-parrainage\/#primaryimage","url":"https:\/\/canut-conseil.fr\/wp-content\/uploads\/2024\/10\/Illustration-Finale-Canuts-redim-site-web.jpg","contentUrl":"https:\/\/canut-conseil.fr\/wp-content\/uploads\/2024\/10\/Illustration-Finale-Canuts-redim-site-web.jpg","width":744,"height":1053},{"@type":"BreadcrumbList","@id":"https:\/\/canut-conseil.fr\/index.php\/formulaire-parrainage\/#breadcrumb","itemListElement":[{"@type":"ListItem","position":1,"name":"Accueil","item":"https:\/\/canut-conseil.fr\/"},{"@type":"ListItem","position":2,"name":"Formulaire parrainage"}]},{"@type":"WebSite","@id":"https:\/\/canut-conseil.fr\/#website","url":"https:\/\/canut-conseil.fr\/","name":"CANUT CONSEIL IMMOBILIER Lyon Croix-Rousse (69004)","description":"Agent immobilier \u00e0 Lyon \/ Croix-Rousse","publisher":{"@id":"https:\/\/canut-conseil.fr\/#organization"},"potentialAction":[{"@type":"SearchAction","target":{"@type":"EntryPoint","urlTemplate":"https:\/\/canut-conseil.fr\/?s={search_term_string}"},"query-input":{"@type":"PropertyValueSpecification","valueRequired":true,"valueName":"search_term_string"}}],"inLanguage":"fr-FR"},{"@type":"Organization","@id":"https:\/\/canut-conseil.fr\/#organization","name":"CANUT CONSEIL IMMOBILIER Lyon Croix-Rousse (69004)","url":"https:\/\/canut-conseil.fr\/","logo":{"@type":"ImageObject","inLanguage":"fr-FR","@id":"https:\/\/canut-conseil.fr\/#\/schema\/logo\/image\/","url":"https:\/\/canut-conseil.fr\/wp-content\/uploads\/2021\/12\/cropped-logo-nobackground-200-1.png","contentUrl":"https:\/\/canut-conseil.fr\/wp-content\/uploads\/2021\/12\/cropped-logo-nobackground-200-1.png","width":200,"height":200,"caption":"CANUT CONSEIL IMMOBILIER Lyon Croix-Rousse (69004)"},"image":{"@id":"https:\/\/canut-conseil.fr\/#\/schema\/logo\/image\/"}}]}},"_links":{"self":[{"href":"https:\/\/canut-conseil.fr\/index.php\/wp-json\/wp\/v2\/pages\/10617","targetHints":{"allow":["GET"]}}],"collection":[{"href":"https:\/\/canut-conseil.fr\/index.php\/wp-json\/wp\/v2\/pages"}],"about":[{"href":"https:\/\/canut-conseil.fr\/index.php\/wp-json\/wp\/v2\/types\/page"}],"author":[{"embeddable":true,"href":"https:\/\/canut-conseil.fr\/index.php\/wp-json\/wp\/v2\/users\/1"}],"replies":[{"embeddable":true,"href":"https:\/\/canut-conseil.fr\/index.php\/wp-json\/wp\/v2\/comments?post=10617"}],"version-history":[{"count":42,"href":"https:\/\/canut-conseil.fr\/index.php\/wp-json\/wp\/v2\/pages\/10617\/revisions"}],"predecessor-version":[{"id":12418,"href":"https:\/\/canut-conseil.fr\/index.php\/wp-json\/wp\/v2\/pages\/10617\/revisions\/12418"}],"wp:featuredmedia":[{"embeddable":true,"href":"https:\/\/canut-conseil.fr\/index.php\/wp-json\/wp\/v2\/media\/10365"}],"wp:attachment":[{"href":"https:\/\/canut-conseil.fr\/index.php\/wp-json\/wp\/v2\/media?parent=10617"}],"curies":[{"name":"wp","href":"https:\/\/api.w.org\/{rel}","templated":true}]}}