{"id":214,"date":"2021-11-26T12:44:37","date_gmt":"2021-11-26T11:44:37","guid":{"rendered":"http:\/\/wzeokdj.cluster031.hosting.ovh.net\/?page_id=214"},"modified":"2024-12-13T10:47:11","modified_gmt":"2024-12-13T09:47:11","slug":"honoraires","status":"publish","type":"page","link":"https:\/\/canut-conseil.fr\/index.php\/honoraires\/","title":{"rendered":"Honoraires"},"content":{"rendered":"\n<div class=\"wp-block-buttons is-layout-flex wp-block-buttons-is-layout-flex\"><\/div>\n\n\n\n<p class=\"has-text-align-left has-text-color has-medium-font-size\" style=\"color:#fb4c0d\"><strong>ESTIMATION IMMOBILI<strong>\u00c8<\/strong>RE &#8211; <\/strong>offert<\/p>\n\n\n\n<p class=\"has-text-align-left has-medium-font-size\"><\/p>\n\n\n\n<p class=\"has-text-align-left has-text-color has-medium-font-size\" style=\"color:#fb4c0d\"><strong>BAR\u00c8ME D\u2019HONORAIRES DE TRANSACTIONS<\/strong><\/p>\n\n\n\n<p class=\"has-text-align-left has-black-color has-text-color\">Tarifs en vigueur au 01\/10\/2024 &#8211; Modifiable sans pr\u00e9avis.<\/p>\n\n\n\n<figure class=\"wp-block-table is-style-regular\"><table class=\"has-black-color has-text-color\"><tbody><tr><td class=\"has-text-align-left\" data-align=\"left\"><strong>Prix de vente<\/strong><\/td><td class=\"has-text-align-left\" data-align=\"left\"><strong>&nbsp;<\/strong><\/td><td class=\"has-text-align-left\" data-align=\"left\"><strong>&nbsp;<\/strong><\/td><td class=\"has-text-align-left\" data-align=\"left\"><strong>&nbsp;<\/strong><\/td><td class=\"has-text-align-left\" data-align=\"left\"><strong>Honoraires*<\/strong><\/td><\/tr><tr><td class=\"has-text-align-left\" data-align=\"left\"><strong>de<\/strong><\/td><td class=\"has-text-align-left\" data-align=\"left\">0<\/td><td class=\"has-text-align-left\" data-align=\"left\">\u00e0<\/td><td class=\"has-text-align-left\" data-align=\"left\">200.000<\/td><td class=\"has-text-align-left\" data-align=\"left\">6.000<\/td><\/tr><tr><td class=\"has-text-align-left\" data-align=\"left\"><strong>de<\/strong><\/td><td class=\"has-text-align-left\" data-align=\"left\">200.001<\/td><td class=\"has-text-align-left\" data-align=\"left\">\u00e0<\/td><td class=\"has-text-align-left\" data-align=\"left\">400.000<\/td><td class=\"has-text-align-left\" data-align=\"left\">10.000<\/td><\/tr><tr><td class=\"has-text-align-left\" data-align=\"left\"><strong>de<\/strong><\/td><td class=\"has-text-align-left\" data-align=\"left\">400.001<\/td><td class=\"has-text-align-left\" data-align=\"left\">\u00e0<\/td><td class=\"has-text-align-left\" data-align=\"left\">1.000.000<\/td><td class=\"has-text-align-left\" data-align=\"left\">3 %<\/td><\/tr><tr><td class=\"has-text-align-left\" data-align=\"left\">Sur devis si <\/td><td class=\"has-text-align-left\" data-align=\"left\">+1.000.000<\/td><td class=\"has-text-align-left\" data-align=\"left\"><\/td><td class=\"has-text-align-left\" data-align=\"left\"><\/td><td class=\"has-text-align-left\" data-align=\"left\"><\/td><\/tr><\/tbody><\/table><\/figure>\n\n\n\n<p class=\"has-text-align-left has-black-color has-text-color\">*prix en \u20ac, inclus TVA au taux l\u00e9galement en vigueur, actuellement 20% en France m\u00e9tropolitaine<\/p>\n\n\n\n<p><\/p>\n\n\n\n<p class=\"has-text-align-left has-black-color has-text-color\"><strong>HONORAIRES R\u00c9DUITS, TOUT COMPRIS<\/strong>&nbsp;: notre \u00e9quipe se charge de la mise en vente de A \u00e0 Z \/ profitez de tous nos services inclus, c\u2019est-\u00e0-dire estimation de votre bien + r\u00e9alisation de photos en HDR + r\u00e9daction et diffusion de l\u2019annonce sur les diff\u00e9rents supports publicitaires + accompagnement lors des visites + n\u00e9gociation active et formulation d\u2019une offre d\u2019achat \u2026 jusqu\u2019\u00e0 la signature de l\u2019acte authentique chez le Notaire.<\/p>\n\n\n\n<blockquote class=\"wp-block-quote is-layout-flow wp-block-quote-is-layout-flow\">\n<p class=\"has-text-align-left has-black-color has-text-color has-link-color wp-elements-2d2547ba00fa5ec2f2b899d9afd69238\">&gt;<strong>Dans le cas d&#8217;un mandat exclusif ou semi-exclusif,<\/strong> inclus le remboursement des principaux diagnostics (hormis le diagnostic termites) dans la limite de 528 \u20ac TTC en cas de r\u00e9alisation de la vente d\u00e9finitive par CANUT CONSEIL IMMOBILIER. <\/p>\n\n\n\n<p><\/p>\n<\/blockquote>\n\n\n\n<div class=\"wp-block-buttons is-layout-flex wp-block-buttons-is-layout-flex\">\n<div class=\"wp-block-button has-custom-width wp-block-button__width-100\"><a class=\"wp-block-button__link has-white-color has-text-color has-background has-link-color has-text-align-center wp-element-button\" href=\"https:\/\/canut-conseil.fr\/#publicite\" style=\"background-color:#fb4c0d\">> Voir les services<\/a><\/div>\n<\/div>\n\n\n\n<p><\/p>\n\n\n\n<p class=\"has-text-align-left has-black-color has-text-color has-link-color wp-elements-1f720435edbc68a608408e1c49690353\">Sauf convention contraire, les honoraires sont \u00e0 la charge du vendeur et le forfait des honoraires est calcul\u00e9 sur le prix de vente.<\/p>\n\n\n\n<p class=\"has-text-align-left has-black-color has-text-color\"><\/p>\n\n\n\n<p class=\"has-text-align-left has-black-color has-text-color\">NB&nbsp;: En cas de d\u00e9l\u00e9gation de mandat, le montant des honoraires applicables reste celui du mandat principal.<\/p>\n","protected":false},"excerpt":{"rendered":"<p>ESTIMATION IMMOBILI\u00c8RE &#8211; offert BAR\u00c8ME D\u2019HONORAIRES DE TRANSACTIONS Tarifs en vigueur au 01\/10\/2024 &#8211; Modifiable sans pr\u00e9avis. Prix de vente &nbsp; &nbsp; &nbsp; Honoraires* de 0 \u00e0 200.000 6.000 de 200.001 \u00e0 400.000 10.000 de 400.001 \u00e0 1.000.000 3 % Sur devis si +1.000.000 *prix en \u20ac, inclus TVA au taux l\u00e9galement en vigueur, actuellement&hellip; <br \/> <a class=\"read-more\" href=\"https:\/\/canut-conseil.fr\/index.php\/honoraires\/\">Lire la suite<\/a><\/p>\n","protected":false},"author":1,"featured_media":10365,"parent":0,"menu_order":0,"comment_status":"closed","ping_status":"closed","template":"","meta":{"footnotes":""},"class_list":["post-214","page","type-page","status-publish","has-post-thumbnail","hentry"],"yoast_head":"<!-- This site is optimized with the Yoast SEO plugin v25.5 - https:\/\/yoast.com\/wordpress\/plugins\/seo\/ -->\n<title>Honoraires - CANUT CONSEIL IMMOBILIER<\/title>\n<meta name=\"robots\" content=\"index, follow, max-snippet:-1, max-image-preview:large, max-video-preview:-1\" \/>\n<link rel=\"canonical\" href=\"https:\/\/canut-conseil.fr\/index.php\/honoraires\/\" \/>\n<meta property=\"og:locale\" content=\"fr_FR\" \/>\n<meta property=\"og:type\" content=\"article\" \/>\n<meta property=\"og:title\" content=\"Honoraires - CANUT CONSEIL IMMOBILIER\" \/>\n<meta property=\"og:description\" content=\"ESTIMATION IMMOBILI\u00c8RE &#8211; offert BAR\u00c8ME D\u2019HONORAIRES DE TRANSACTIONS Tarifs en vigueur au 01\/10\/2024 &#8211; Modifiable sans pr\u00e9avis. Prix de vente &nbsp; &nbsp; &nbsp; Honoraires* de 0 \u00e0 200.000 6.000 de 200.001 \u00e0 400.000 10.000 de 400.001 \u00e0 1.000.000 3 % Sur devis si +1.000.000 *prix en \u20ac, inclus TVA au taux l\u00e9galement en vigueur, actuellement&hellip; Lire la suite\" \/>\n<meta property=\"og:url\" content=\"https:\/\/canut-conseil.fr\/index.php\/honoraires\/\" \/>\n<meta property=\"og:site_name\" content=\"CANUT CONSEIL IMMOBILIER\" \/>\n<meta property=\"article:modified_time\" content=\"2024-12-13T09:47:11+00:00\" \/>\n<meta property=\"og:image\" content=\"https:\/\/canut-conseil.fr\/wp-content\/uploads\/2024\/10\/Illustration-Finale-Canuts-redim-site-web.jpg\" \/>\n\t<meta property=\"og:image:width\" content=\"744\" \/>\n\t<meta property=\"og:image:height\" content=\"1053\" \/>\n\t<meta property=\"og:image:type\" content=\"image\/jpeg\" \/>\n<meta name=\"twitter:card\" content=\"summary_large_image\" \/>\n<meta name=\"twitter:label1\" content=\"Dur\u00e9e de lecture estim\u00e9e\" \/>\n\t<meta name=\"twitter:data1\" content=\"2 minutes\" \/>\n<script type=\"application\/ld+json\" class=\"yoast-schema-graph\">{\"@context\":\"https:\/\/schema.org\",\"@graph\":[{\"@type\":\"WebPage\",\"@id\":\"https:\/\/canut-conseil.fr\/index.php\/honoraires\/\",\"url\":\"https:\/\/canut-conseil.fr\/index.php\/honoraires\/\",\"name\":\"Honoraires - CANUT CONSEIL IMMOBILIER\",\"isPartOf\":{\"@id\":\"https:\/\/canut-conseil.fr\/#website\"},\"primaryImageOfPage\":{\"@id\":\"https:\/\/canut-conseil.fr\/index.php\/honoraires\/#primaryimage\"},\"image\":{\"@id\":\"https:\/\/canut-conseil.fr\/index.php\/honoraires\/#primaryimage\"},\"thumbnailUrl\":\"https:\/\/canut-conseil.fr\/wp-content\/uploads\/2024\/10\/Illustration-Finale-Canuts-redim-site-web.jpg\",\"datePublished\":\"2021-11-26T11:44:37+00:00\",\"dateModified\":\"2024-12-13T09:47:11+00:00\",\"breadcrumb\":{\"@id\":\"https:\/\/canut-conseil.fr\/index.php\/honoraires\/#breadcrumb\"},\"inLanguage\":\"fr-FR\",\"potentialAction\":[{\"@type\":\"ReadAction\",\"target\":[\"https:\/\/canut-conseil.fr\/index.php\/honoraires\/\"]}]},{\"@type\":\"ImageObject\",\"inLanguage\":\"fr-FR\",\"@id\":\"https:\/\/canut-conseil.fr\/index.php\/honoraires\/#primaryimage\",\"url\":\"https:\/\/canut-conseil.fr\/wp-content\/uploads\/2024\/10\/Illustration-Finale-Canuts-redim-site-web.jpg\",\"contentUrl\":\"https:\/\/canut-conseil.fr\/wp-content\/uploads\/2024\/10\/Illustration-Finale-Canuts-redim-site-web.jpg\",\"width\":744,\"height\":1053},{\"@type\":\"BreadcrumbList\",\"@id\":\"https:\/\/canut-conseil.fr\/index.php\/honoraires\/#breadcrumb\",\"itemListElement\":[{\"@type\":\"ListItem\",\"position\":1,\"name\":\"Accueil\",\"item\":\"https:\/\/canut-conseil.fr\/\"},{\"@type\":\"ListItem\",\"position\":2,\"name\":\"Honoraires\"}]},{\"@type\":\"WebSite\",\"@id\":\"https:\/\/canut-conseil.fr\/#website\",\"url\":\"https:\/\/canut-conseil.fr\/\",\"name\":\"CANUT CONSEIL IMMOBILIER Lyon Croix-Rousse (69004)\",\"description\":\"Agent immobilier \u00e0 Lyon \/ Croix-Rousse\",\"publisher\":{\"@id\":\"https:\/\/canut-conseil.fr\/#organization\"},\"potentialAction\":[{\"@type\":\"SearchAction\",\"target\":{\"@type\":\"EntryPoint\",\"urlTemplate\":\"https:\/\/canut-conseil.fr\/?s={search_term_string}\"},\"query-input\":{\"@type\":\"PropertyValueSpecification\",\"valueRequired\":true,\"valueName\":\"search_term_string\"}}],\"inLanguage\":\"fr-FR\"},{\"@type\":\"Organization\",\"@id\":\"https:\/\/canut-conseil.fr\/#organization\",\"name\":\"CANUT CONSEIL IMMOBILIER Lyon Croix-Rousse (69004)\",\"url\":\"https:\/\/canut-conseil.fr\/\",\"logo\":{\"@type\":\"ImageObject\",\"inLanguage\":\"fr-FR\",\"@id\":\"https:\/\/canut-conseil.fr\/#\/schema\/logo\/image\/\",\"url\":\"https:\/\/canut-conseil.fr\/wp-content\/uploads\/2021\/12\/cropped-logo-nobackground-200-1.png\",\"contentUrl\":\"https:\/\/canut-conseil.fr\/wp-content\/uploads\/2021\/12\/cropped-logo-nobackground-200-1.png\",\"width\":200,\"height\":200,\"caption\":\"CANUT CONSEIL IMMOBILIER Lyon Croix-Rousse (69004)\"},\"image\":{\"@id\":\"https:\/\/canut-conseil.fr\/#\/schema\/logo\/image\/\"}}]}<\/script>\n<!-- \/ Yoast SEO plugin. -->","yoast_head_json":{"title":"Honoraires - CANUT CONSEIL IMMOBILIER","robots":{"index":"index","follow":"follow","max-snippet":"max-snippet:-1","max-image-preview":"max-image-preview:large","max-video-preview":"max-video-preview:-1"},"canonical":"https:\/\/canut-conseil.fr\/index.php\/honoraires\/","og_locale":"fr_FR","og_type":"article","og_title":"Honoraires - CANUT CONSEIL IMMOBILIER","og_description":"ESTIMATION IMMOBILI\u00c8RE &#8211; offert BAR\u00c8ME D\u2019HONORAIRES DE TRANSACTIONS Tarifs en vigueur au 01\/10\/2024 &#8211; Modifiable sans pr\u00e9avis. Prix de vente &nbsp; &nbsp; &nbsp; Honoraires* de 0 \u00e0 200.000 6.000 de 200.001 \u00e0 400.000 10.000 de 400.001 \u00e0 1.000.000 3 % Sur devis si +1.000.000 *prix en \u20ac, inclus TVA au taux l\u00e9galement en vigueur, actuellement&hellip; Lire la suite","og_url":"https:\/\/canut-conseil.fr\/index.php\/honoraires\/","og_site_name":"CANUT CONSEIL IMMOBILIER","article_modified_time":"2024-12-13T09:47:11+00:00","og_image":[{"width":744,"height":1053,"url":"https:\/\/canut-conseil.fr\/wp-content\/uploads\/2024\/10\/Illustration-Finale-Canuts-redim-site-web.jpg","type":"image\/jpeg"}],"twitter_card":"summary_large_image","twitter_misc":{"Dur\u00e9e de lecture estim\u00e9e":"2 minutes"},"schema":{"@context":"https:\/\/schema.org","@graph":[{"@type":"WebPage","@id":"https:\/\/canut-conseil.fr\/index.php\/honoraires\/","url":"https:\/\/canut-conseil.fr\/index.php\/honoraires\/","name":"Honoraires - CANUT CONSEIL IMMOBILIER","isPartOf":{"@id":"https:\/\/canut-conseil.fr\/#website"},"primaryImageOfPage":{"@id":"https:\/\/canut-conseil.fr\/index.php\/honoraires\/#primaryimage"},"image":{"@id":"https:\/\/canut-conseil.fr\/index.php\/honoraires\/#primaryimage"},"thumbnailUrl":"https:\/\/canut-conseil.fr\/wp-content\/uploads\/2024\/10\/Illustration-Finale-Canuts-redim-site-web.jpg","datePublished":"2021-11-26T11:44:37+00:00","dateModified":"2024-12-13T09:47:11+00:00","breadcrumb":{"@id":"https:\/\/canut-conseil.fr\/index.php\/honoraires\/#breadcrumb"},"inLanguage":"fr-FR","potentialAction":[{"@type":"ReadAction","target":["https:\/\/canut-conseil.fr\/index.php\/honoraires\/"]}]},{"@type":"ImageObject","inLanguage":"fr-FR","@id":"https:\/\/canut-conseil.fr\/index.php\/honoraires\/#primaryimage","url":"https:\/\/canut-conseil.fr\/wp-content\/uploads\/2024\/10\/Illustration-Finale-Canuts-redim-site-web.jpg","contentUrl":"https:\/\/canut-conseil.fr\/wp-content\/uploads\/2024\/10\/Illustration-Finale-Canuts-redim-site-web.jpg","width":744,"height":1053},{"@type":"BreadcrumbList","@id":"https:\/\/canut-conseil.fr\/index.php\/honoraires\/#breadcrumb","itemListElement":[{"@type":"ListItem","position":1,"name":"Accueil","item":"https:\/\/canut-conseil.fr\/"},{"@type":"ListItem","position":2,"name":"Honoraires"}]},{"@type":"WebSite","@id":"https:\/\/canut-conseil.fr\/#website","url":"https:\/\/canut-conseil.fr\/","name":"CANUT CONSEIL IMMOBILIER Lyon Croix-Rousse (69004)","description":"Agent immobilier \u00e0 Lyon \/ Croix-Rousse","publisher":{"@id":"https:\/\/canut-conseil.fr\/#organization"},"potentialAction":[{"@type":"SearchAction","target":{"@type":"EntryPoint","urlTemplate":"https:\/\/canut-conseil.fr\/?s={search_term_string}"},"query-input":{"@type":"PropertyValueSpecification","valueRequired":true,"valueName":"search_term_string"}}],"inLanguage":"fr-FR"},{"@type":"Organization","@id":"https:\/\/canut-conseil.fr\/#organization","name":"CANUT CONSEIL IMMOBILIER Lyon Croix-Rousse (69004)","url":"https:\/\/canut-conseil.fr\/","logo":{"@type":"ImageObject","inLanguage":"fr-FR","@id":"https:\/\/canut-conseil.fr\/#\/schema\/logo\/image\/","url":"https:\/\/canut-conseil.fr\/wp-content\/uploads\/2021\/12\/cropped-logo-nobackground-200-1.png","contentUrl":"https:\/\/canut-conseil.fr\/wp-content\/uploads\/2021\/12\/cropped-logo-nobackground-200-1.png","width":200,"height":200,"caption":"CANUT CONSEIL IMMOBILIER Lyon Croix-Rousse (69004)"},"image":{"@id":"https:\/\/canut-conseil.fr\/#\/schema\/logo\/image\/"}}]}},"_links":{"self":[{"href":"https:\/\/canut-conseil.fr\/index.php\/wp-json\/wp\/v2\/pages\/214","targetHints":{"allow":["GET"]}}],"collection":[{"href":"https:\/\/canut-conseil.fr\/index.php\/wp-json\/wp\/v2\/pages"}],"about":[{"href":"https:\/\/canut-conseil.fr\/index.php\/wp-json\/wp\/v2\/types\/page"}],"author":[{"embeddable":true,"href":"https:\/\/canut-conseil.fr\/index.php\/wp-json\/wp\/v2\/users\/1"}],"replies":[{"embeddable":true,"href":"https:\/\/canut-conseil.fr\/index.php\/wp-json\/wp\/v2\/comments?post=214"}],"version-history":[{"count":53,"href":"https:\/\/canut-conseil.fr\/index.php\/wp-json\/wp\/v2\/pages\/214\/revisions"}],"predecessor-version":[{"id":10719,"href":"https:\/\/canut-conseil.fr\/index.php\/wp-json\/wp\/v2\/pages\/214\/revisions\/10719"}],"wp:featuredmedia":[{"embeddable":true,"href":"https:\/\/canut-conseil.fr\/index.php\/wp-json\/wp\/v2\/media\/10365"}],"wp:attachment":[{"href":"https:\/\/canut-conseil.fr\/index.php\/wp-json\/wp\/v2\/media?parent=214"}],"curies":[{"name":"wp","href":"https:\/\/api.w.org\/{rel}","templated":true}]}}