{"id":3093,"date":"2022-05-13T16:30:13","date_gmt":"2022-05-13T14:30:13","guid":{"rendered":"https:\/\/canut-conseil.fr\/?page_id=3093"},"modified":"2025-01-21T12:04:29","modified_gmt":"2025-01-21T11:04:29","slug":"liste-des-documents","status":"publish","type":"page","link":"https:\/\/canut-conseil.fr\/index.php\/liste-des-documents\/","title":{"rendered":"Liste des documents"},"content":{"rendered":"\n<p class=\"has-text-align-left has-text-color\" style=\"color:#fb4c0d\"><strong>\u00c0 FOURNIR POUR LA MISE EN VENTE D\u2019UN BIEN :<\/strong><\/p>\n\n\n\n<p class=\"has-black-color has-text-color\"><\/p>\n\n\n\n<p class=\"has-text-align-left has-black-color has-text-color\"><strong>Au niveau administratif,<\/strong><\/p>\n\n\n\n<p class=\"has-text-align-left has-black-color has-text-color\">Merci de nous communiquer les documents ci-apr\u00e8s afin de pouvoir r\u00e9pondre aux questions les plus fr\u00e9quentes de nos clients et surtout avoir une bonne r\u00e9activit\u00e9 et connaissance des \u00e9l\u00e9ments de base au niveau financier et technique de la copropri\u00e9t\u00e9.<\/p>\n\n\n\n<p class=\"has-text-align-left has-black-color has-text-color\">Cela permet aussi de gagner du temps lors de la mise en place du compromis avec les Notaires.<\/p>\n\n\n\n<p class=\"has-text-align-left has-black-color has-text-color\">.<\/p>\n\n\n\n<p class=\"has-text-align-left has-text-color\" style=\"color:#fb4c0d\">\u27a1 <strong><em>Informations techniques, juridiques et financi\u00e8res<\/em><\/strong> :<\/p>\n\n\n\n<p class=\"has-text-align-left has-black-color has-text-color\"> \u2713 Titre de propri\u00e9t\u00e9<\/p>\n\n\n\n<p class=\"has-text-align-left has-black-color has-text-color\"> \u2713 R\u00e8glement de copropri\u00e9t\u00e9 (+ modificatifs \u00e9ventuels)<\/p>\n\n\n\n<p class=\"has-text-align-left has-black-color has-text-color\"> \u2713 Carnet d\u2019entretien de l\u2019immeuble et diagnostics parties communes<\/p>\n\n\n\n<p class=\"has-text-align-left has-black-color has-text-color\"> \u2713 3 derniers PV d\u2019Assembl\u00e9es G\u00e9n\u00e9rales<\/p>\n\n\n\n<p class=\"has-text-align-left has-black-color has-text-color\"> \u2713 Dernier relev\u00e9 trimestriel de Charges<\/p>\n\n\n\n<p class=\"has-text-align-left has-black-color has-text-color\"> \u2713 Plan de l\u2019appartement<\/p>\n\n\n\n<p class=\"has-text-align-left has-black-color has-text-color\"> \u2713 Taxes Fonci\u00e8res<\/p>\n\n\n\n<p class=\"has-text-align-left has-black-color has-text-color\"> \u2713 Dossier DDT (Carrez, Amiante, Plomb, Termites, Gaz, Electricit\u00e9, ERNMT\u2026)<\/p>\n\n\n\n<p class=\"has-text-align-left has-black-color has-text-color\">  \u2713 Factures des consommations (Electricit\u00e9 et Gaz) <\/p>\n\n\n\n<p class=\"has-text-align-left has-black-color has-text-color\"><\/p>\n\n\n\n<p class=\"has-text-align-left has-text-color\" style=\"color:#fb4c0d\">\u27a1 <strong><em>Si le logement a b\u00e9n\u00e9fici\u00e9 de travaux &lt; 10 ans<\/em><\/strong> :<\/p>\n\n\n\n<p class=\"has-text-align-left has-black-color has-text-color\"> \u2713 Fen\u00eatres, Cuisine, Salle de bain, Cr\u00e9ation Mezzanine etc\u2026<\/p>\n\n\n\n<p class=\"has-text-align-left has-black-color has-text-color\"> \u2713 Copie des factures et police d\u2019assurance d\u00e9cennale<\/p>\n\n\n\n<p class=\"has-text-align-left has-black-color has-text-color\"><\/p>\n\n\n\n<p class=\"has-text-align-left has-text-color\" style=\"color:#fb4c0d\">\u27a1 <strong><em>Pour les visites<\/em><\/strong> :<\/p>\n\n\n\n<p class=\"has-text-align-left has-black-color has-text-color\"> \u2713 1 jeu de cl\u00e9s<\/p>\n\n\n\n<p class=\"has-text-align-left has-black-color has-text-color\"> \u2713 Badge Vigik ou digicode \u00e0 l\u2019entr\u00e9e<\/p>\n\n\n\n<p class=\"has-text-align-left has-black-color has-text-color\"><\/p>\n\n\n\n<p class=\"has-text-align-left has-text-color\" style=\"color:#fb4c0d\">\u27a1 <strong><em>Si le logement est lou\u00e9<\/em><\/strong> :<\/p>\n\n\n\n<p class=\"has-text-align-left has-black-color has-text-color\"> \u2713 Copie du Bail et de l\u2019\u00e9tat des lieux d\u2019entr\u00e9e<\/p>\n\n\n\n<p class=\"has-text-align-left has-black-color has-text-color\"> \u2713 Attestation de loyer \u00e0 jour du locataire sur les 12 derniers mois<\/p>\n\n\n\n<p class=\"has-text-align-left has-black-color has-text-color\"> \u2713 Attestation d\u2019assurance du locataire<\/p>\n\n\n\n<p class=\"has-text-align-left has-black-color has-text-color\"> \u2713 Copie du dossier locataire<\/p>\n\n\n\n<p class=\"has-text-align-left has-black-color has-text-color\"> \u2713 Coordonn\u00e9es t\u00e9l\u00e9phoniques du locataire<\/p>\n","protected":false},"excerpt":{"rendered":"<p>\u00c0 FOURNIR POUR LA MISE EN VENTE D\u2019UN BIEN : Au niveau administratif, Merci de nous communiquer les documents ci-apr\u00e8s afin de pouvoir r\u00e9pondre aux questions les plus fr\u00e9quentes de nos clients et surtout avoir une bonne r\u00e9activit\u00e9 et connaissance des \u00e9l\u00e9ments de base au niveau financier et technique de la copropri\u00e9t\u00e9. Cela permet aussi&hellip; <br \/> <a class=\"read-more\" href=\"https:\/\/canut-conseil.fr\/index.php\/liste-des-documents\/\">Lire la suite<\/a><\/p>\n","protected":false},"author":1,"featured_media":10365,"parent":0,"menu_order":0,"comment_status":"closed","ping_status":"closed","template":"","meta":{"footnotes":""},"class_list":["post-3093","page","type-page","status-publish","has-post-thumbnail","hentry"],"yoast_head":"<!-- This site is optimized with the Yoast SEO plugin v25.5 - https:\/\/yoast.com\/wordpress\/plugins\/seo\/ -->\n<title>Liste des documents - CANUT CONSEIL IMMOBILIER<\/title>\n<meta name=\"robots\" content=\"index, follow, max-snippet:-1, max-image-preview:large, max-video-preview:-1\" \/>\n<link rel=\"canonical\" href=\"https:\/\/canut-conseil.fr\/index.php\/liste-des-documents\/\" \/>\n<meta property=\"og:locale\" content=\"fr_FR\" \/>\n<meta property=\"og:type\" content=\"article\" \/>\n<meta property=\"og:title\" content=\"Liste des documents - CANUT CONSEIL IMMOBILIER\" \/>\n<meta property=\"og:description\" content=\"\u00c0 FOURNIR POUR LA MISE EN VENTE D\u2019UN BIEN : Au niveau administratif, Merci de nous communiquer les documents ci-apr\u00e8s afin de pouvoir r\u00e9pondre aux questions les plus fr\u00e9quentes de nos clients et surtout avoir une bonne r\u00e9activit\u00e9 et connaissance des \u00e9l\u00e9ments de base au niveau financier et technique de la copropri\u00e9t\u00e9. Cela permet aussi&hellip; Lire la suite\" \/>\n<meta property=\"og:url\" content=\"https:\/\/canut-conseil.fr\/index.php\/liste-des-documents\/\" \/>\n<meta property=\"og:site_name\" content=\"CANUT CONSEIL IMMOBILIER\" \/>\n<meta property=\"article:modified_time\" content=\"2025-01-21T11:04:29+00:00\" \/>\n<meta property=\"og:image\" content=\"https:\/\/canut-conseil.fr\/wp-content\/uploads\/2024\/10\/Illustration-Finale-Canuts-redim-site-web.jpg\" \/>\n\t<meta property=\"og:image:width\" content=\"744\" \/>\n\t<meta property=\"og:image:height\" content=\"1053\" \/>\n\t<meta property=\"og:image:type\" content=\"image\/jpeg\" \/>\n<meta name=\"twitter:card\" content=\"summary_large_image\" \/>\n<meta name=\"twitter:label1\" content=\"Dur\u00e9e de lecture estim\u00e9e\" \/>\n\t<meta name=\"twitter:data1\" content=\"2 minutes\" \/>\n<script type=\"application\/ld+json\" class=\"yoast-schema-graph\">{\"@context\":\"https:\/\/schema.org\",\"@graph\":[{\"@type\":\"WebPage\",\"@id\":\"https:\/\/canut-conseil.fr\/index.php\/liste-des-documents\/\",\"url\":\"https:\/\/canut-conseil.fr\/index.php\/liste-des-documents\/\",\"name\":\"Liste des documents - CANUT CONSEIL IMMOBILIER\",\"isPartOf\":{\"@id\":\"https:\/\/canut-conseil.fr\/#website\"},\"primaryImageOfPage\":{\"@id\":\"https:\/\/canut-conseil.fr\/index.php\/liste-des-documents\/#primaryimage\"},\"image\":{\"@id\":\"https:\/\/canut-conseil.fr\/index.php\/liste-des-documents\/#primaryimage\"},\"thumbnailUrl\":\"https:\/\/canut-conseil.fr\/wp-content\/uploads\/2024\/10\/Illustration-Finale-Canuts-redim-site-web.jpg\",\"datePublished\":\"2022-05-13T14:30:13+00:00\",\"dateModified\":\"2025-01-21T11:04:29+00:00\",\"breadcrumb\":{\"@id\":\"https:\/\/canut-conseil.fr\/index.php\/liste-des-documents\/#breadcrumb\"},\"inLanguage\":\"fr-FR\",\"potentialAction\":[{\"@type\":\"ReadAction\",\"target\":[\"https:\/\/canut-conseil.fr\/index.php\/liste-des-documents\/\"]}]},{\"@type\":\"ImageObject\",\"inLanguage\":\"fr-FR\",\"@id\":\"https:\/\/canut-conseil.fr\/index.php\/liste-des-documents\/#primaryimage\",\"url\":\"https:\/\/canut-conseil.fr\/wp-content\/uploads\/2024\/10\/Illustration-Finale-Canuts-redim-site-web.jpg\",\"contentUrl\":\"https:\/\/canut-conseil.fr\/wp-content\/uploads\/2024\/10\/Illustration-Finale-Canuts-redim-site-web.jpg\",\"width\":744,\"height\":1053},{\"@type\":\"BreadcrumbList\",\"@id\":\"https:\/\/canut-conseil.fr\/index.php\/liste-des-documents\/#breadcrumb\",\"itemListElement\":[{\"@type\":\"ListItem\",\"position\":1,\"name\":\"Accueil\",\"item\":\"https:\/\/canut-conseil.fr\/\"},{\"@type\":\"ListItem\",\"position\":2,\"name\":\"Liste des documents\"}]},{\"@type\":\"WebSite\",\"@id\":\"https:\/\/canut-conseil.fr\/#website\",\"url\":\"https:\/\/canut-conseil.fr\/\",\"name\":\"CANUT CONSEIL IMMOBILIER Lyon Croix-Rousse (69004)\",\"description\":\"Agent immobilier \u00e0 Lyon \/ Croix-Rousse\",\"publisher\":{\"@id\":\"https:\/\/canut-conseil.fr\/#organization\"},\"potentialAction\":[{\"@type\":\"SearchAction\",\"target\":{\"@type\":\"EntryPoint\",\"urlTemplate\":\"https:\/\/canut-conseil.fr\/?s={search_term_string}\"},\"query-input\":{\"@type\":\"PropertyValueSpecification\",\"valueRequired\":true,\"valueName\":\"search_term_string\"}}],\"inLanguage\":\"fr-FR\"},{\"@type\":\"Organization\",\"@id\":\"https:\/\/canut-conseil.fr\/#organization\",\"name\":\"CANUT CONSEIL IMMOBILIER Lyon Croix-Rousse (69004)\",\"url\":\"https:\/\/canut-conseil.fr\/\",\"logo\":{\"@type\":\"ImageObject\",\"inLanguage\":\"fr-FR\",\"@id\":\"https:\/\/canut-conseil.fr\/#\/schema\/logo\/image\/\",\"url\":\"https:\/\/canut-conseil.fr\/wp-content\/uploads\/2021\/12\/cropped-logo-nobackground-200-1.png\",\"contentUrl\":\"https:\/\/canut-conseil.fr\/wp-content\/uploads\/2021\/12\/cropped-logo-nobackground-200-1.png\",\"width\":200,\"height\":200,\"caption\":\"CANUT CONSEIL IMMOBILIER Lyon Croix-Rousse (69004)\"},\"image\":{\"@id\":\"https:\/\/canut-conseil.fr\/#\/schema\/logo\/image\/\"}}]}<\/script>\n<!-- \/ Yoast SEO plugin. -->","yoast_head_json":{"title":"Liste des documents - CANUT CONSEIL IMMOBILIER","robots":{"index":"index","follow":"follow","max-snippet":"max-snippet:-1","max-image-preview":"max-image-preview:large","max-video-preview":"max-video-preview:-1"},"canonical":"https:\/\/canut-conseil.fr\/index.php\/liste-des-documents\/","og_locale":"fr_FR","og_type":"article","og_title":"Liste des documents - CANUT CONSEIL IMMOBILIER","og_description":"\u00c0 FOURNIR POUR LA MISE EN VENTE D\u2019UN BIEN : Au niveau administratif, Merci de nous communiquer les documents ci-apr\u00e8s afin de pouvoir r\u00e9pondre aux questions les plus fr\u00e9quentes de nos clients et surtout avoir une bonne r\u00e9activit\u00e9 et connaissance des \u00e9l\u00e9ments de base au niveau financier et technique de la copropri\u00e9t\u00e9. Cela permet aussi&hellip; Lire la suite","og_url":"https:\/\/canut-conseil.fr\/index.php\/liste-des-documents\/","og_site_name":"CANUT CONSEIL IMMOBILIER","article_modified_time":"2025-01-21T11:04:29+00:00","og_image":[{"width":744,"height":1053,"url":"https:\/\/canut-conseil.fr\/wp-content\/uploads\/2024\/10\/Illustration-Finale-Canuts-redim-site-web.jpg","type":"image\/jpeg"}],"twitter_card":"summary_large_image","twitter_misc":{"Dur\u00e9e de lecture estim\u00e9e":"2 minutes"},"schema":{"@context":"https:\/\/schema.org","@graph":[{"@type":"WebPage","@id":"https:\/\/canut-conseil.fr\/index.php\/liste-des-documents\/","url":"https:\/\/canut-conseil.fr\/index.php\/liste-des-documents\/","name":"Liste des documents - CANUT CONSEIL IMMOBILIER","isPartOf":{"@id":"https:\/\/canut-conseil.fr\/#website"},"primaryImageOfPage":{"@id":"https:\/\/canut-conseil.fr\/index.php\/liste-des-documents\/#primaryimage"},"image":{"@id":"https:\/\/canut-conseil.fr\/index.php\/liste-des-documents\/#primaryimage"},"thumbnailUrl":"https:\/\/canut-conseil.fr\/wp-content\/uploads\/2024\/10\/Illustration-Finale-Canuts-redim-site-web.jpg","datePublished":"2022-05-13T14:30:13+00:00","dateModified":"2025-01-21T11:04:29+00:00","breadcrumb":{"@id":"https:\/\/canut-conseil.fr\/index.php\/liste-des-documents\/#breadcrumb"},"inLanguage":"fr-FR","potentialAction":[{"@type":"ReadAction","target":["https:\/\/canut-conseil.fr\/index.php\/liste-des-documents\/"]}]},{"@type":"ImageObject","inLanguage":"fr-FR","@id":"https:\/\/canut-conseil.fr\/index.php\/liste-des-documents\/#primaryimage","url":"https:\/\/canut-conseil.fr\/wp-content\/uploads\/2024\/10\/Illustration-Finale-Canuts-redim-site-web.jpg","contentUrl":"https:\/\/canut-conseil.fr\/wp-content\/uploads\/2024\/10\/Illustration-Finale-Canuts-redim-site-web.jpg","width":744,"height":1053},{"@type":"BreadcrumbList","@id":"https:\/\/canut-conseil.fr\/index.php\/liste-des-documents\/#breadcrumb","itemListElement":[{"@type":"ListItem","position":1,"name":"Accueil","item":"https:\/\/canut-conseil.fr\/"},{"@type":"ListItem","position":2,"name":"Liste des documents"}]},{"@type":"WebSite","@id":"https:\/\/canut-conseil.fr\/#website","url":"https:\/\/canut-conseil.fr\/","name":"CANUT CONSEIL IMMOBILIER Lyon Croix-Rousse (69004)","description":"Agent immobilier \u00e0 Lyon \/ Croix-Rousse","publisher":{"@id":"https:\/\/canut-conseil.fr\/#organization"},"potentialAction":[{"@type":"SearchAction","target":{"@type":"EntryPoint","urlTemplate":"https:\/\/canut-conseil.fr\/?s={search_term_string}"},"query-input":{"@type":"PropertyValueSpecification","valueRequired":true,"valueName":"search_term_string"}}],"inLanguage":"fr-FR"},{"@type":"Organization","@id":"https:\/\/canut-conseil.fr\/#organization","name":"CANUT CONSEIL IMMOBILIER Lyon Croix-Rousse (69004)","url":"https:\/\/canut-conseil.fr\/","logo":{"@type":"ImageObject","inLanguage":"fr-FR","@id":"https:\/\/canut-conseil.fr\/#\/schema\/logo\/image\/","url":"https:\/\/canut-conseil.fr\/wp-content\/uploads\/2021\/12\/cropped-logo-nobackground-200-1.png","contentUrl":"https:\/\/canut-conseil.fr\/wp-content\/uploads\/2021\/12\/cropped-logo-nobackground-200-1.png","width":200,"height":200,"caption":"CANUT CONSEIL IMMOBILIER Lyon Croix-Rousse (69004)"},"image":{"@id":"https:\/\/canut-conseil.fr\/#\/schema\/logo\/image\/"}}]}},"_links":{"self":[{"href":"https:\/\/canut-conseil.fr\/index.php\/wp-json\/wp\/v2\/pages\/3093","targetHints":{"allow":["GET"]}}],"collection":[{"href":"https:\/\/canut-conseil.fr\/index.php\/wp-json\/wp\/v2\/pages"}],"about":[{"href":"https:\/\/canut-conseil.fr\/index.php\/wp-json\/wp\/v2\/types\/page"}],"author":[{"embeddable":true,"href":"https:\/\/canut-conseil.fr\/index.php\/wp-json\/wp\/v2\/users\/1"}],"replies":[{"embeddable":true,"href":"https:\/\/canut-conseil.fr\/index.php\/wp-json\/wp\/v2\/comments?post=3093"}],"version-history":[{"count":12,"href":"https:\/\/canut-conseil.fr\/index.php\/wp-json\/wp\/v2\/pages\/3093\/revisions"}],"predecessor-version":[{"id":10897,"href":"https:\/\/canut-conseil.fr\/index.php\/wp-json\/wp\/v2\/pages\/3093\/revisions\/10897"}],"wp:featuredmedia":[{"embeddable":true,"href":"https:\/\/canut-conseil.fr\/index.php\/wp-json\/wp\/v2\/media\/10365"}],"wp:attachment":[{"href":"https:\/\/canut-conseil.fr\/index.php\/wp-json\/wp\/v2\/media?parent=3093"}],"curies":[{"name":"wp","href":"https:\/\/api.w.org\/{rel}","templated":true}]}}