{"id":481,"date":"2021-11-29T21:20:19","date_gmt":"2021-11-29T20:20:19","guid":{"rendered":"http:\/\/canut-immobilier.fr\/?page_id=481"},"modified":"2024-10-02T18:18:17","modified_gmt":"2024-10-02T16:18:17","slug":"mentions-legales","status":"publish","type":"page","link":"https:\/\/canut-conseil.fr\/index.php\/mentions-legales\/","title":{"rendered":"Mentions l\u00e9gales"},"content":{"rendered":"\n<p class=\"has-text-align-left has-black-color has-text-color\"><strong>CANUT CONSEIL IMMOBILIER<\/strong><\/p>\n\n\n\n<p class=\"has-text-align-left has-black-color has-text-color\"><strong>CARTE PROFESSIONNELLE PERMETTANT L&#8217;ACTIVIT\u00c9 DE LA TRANSACTION SUR IMMEUBLES ET FONDS DE COMMERCE<\/strong><\/p>\n\n\n\n<p class=\"has-text-align-left has-black-color has-text-color\">(Loi N\u00b0 70-9 du 2 janvier 1970)<\/p>\n\n\n\n<p class=\"has-text-align-left has-black-color has-text-color\">Carte professionnelle n\u00b0 : CPI69012021000000173 valable jusqu&#8217;au 28\/10\/2027<\/p>\n\n\n\n<p class=\"has-text-align-left has-black-color has-text-color\">D\u00e9livr\u00e9e par : CCI de LYON M\u00c9TROPOLE<\/p>\n\n\n\n<p class=\"has-text-align-left has-black-color has-text-color\">Le pr\u00e9sident : VALENTIN Philippe<\/p>\n\n\n\n<p class=\"has-text-align-left has-black-color has-text-color\">Titulaire de la carte :<\/p>\n\n\n\n<p class=\"has-text-align-left has-black-color has-text-color\">D\u00e9nomination : CANUT CONSEIL IMMOBILIER<\/p>\n\n\n\n<p class=\"has-text-align-left has-black-color has-text-color\">Forme juridique : SAS<\/p>\n\n\n\n<p class=\"has-text-align-left has-black-color has-text-color\">Adresse du si\u00e8ge : 23 rue Dumenge, 69004 LYON<\/p>\n\n\n\n<p class=\"has-text-align-left has-black-color has-text-color\">N\u00b0 unique d&#8217;identification : 903870657<\/p>\n\n\n\n<p class=\"has-text-align-left has-black-color has-text-color\">Repr\u00e9sentant l\u00e9gal : POYET Gr\u00e9gory Jean L\u00e9o<\/p>\n\n\n\n<p class=\"has-text-align-left has-black-color has-text-color\">Garantie Financi\u00e8re : Transaction sur immeubles et fonds de commerce<\/p>\n\n\n\n<p class=\"has-text-align-left has-black-color has-text-color\">Non d\u00e9tention de fonds<\/p>\n\n\n\n<p class=\"has-text-align-left has-black-color has-text-color\">QBE ASSURANCE : 110 Esplanade du G\u00e9n\u00e9ral De Gaulle, 92931 PARIS LA DEFENSE CEDEX<\/p>\n\n\n\n<p class=\"has-text-align-left has-black-color has-text-color\">Montant de la garantie : 110.000 euros<\/p>\n\n\n\n<p class=\"has-text-align-left has-black-color has-text-color\">Assurance :  Transaction sur immeubles et fonds de commerce <\/p>\n\n\n\n<p class=\"has-text-align-left has-black-color has-text-color\">SERENIS ASSURANCES : 63 Chemin Antoine Pardon, 69814 TASSIN LA DEMI LUNE CEDEX<\/p>\n\n\n\n<p class=\"has-text-align-left has-black-color has-text-color\">MEDIATEUR DE LA CONSOMMATION : Medimmoconso, 1 All\u00e9e du Parc de Mesemena &#8211; Bat A &#8211; CS 25222 &#8211; 44505 LA BAULE CEDEX<\/p>\n","protected":false},"excerpt":{"rendered":"<p>CANUT CONSEIL IMMOBILIER CARTE PROFESSIONNELLE PERMETTANT L&#8217;ACTIVIT\u00c9 DE LA TRANSACTION SUR IMMEUBLES ET FONDS DE COMMERCE (Loi N\u00b0 70-9 du 2 janvier 1970) Carte professionnelle n\u00b0 : CPI69012021000000173 valable jusqu&#8217;au 28\/10\/2027 D\u00e9livr\u00e9e par : CCI de LYON M\u00c9TROPOLE Le pr\u00e9sident : VALENTIN Philippe Titulaire de la carte : D\u00e9nomination : CANUT CONSEIL IMMOBILIER Forme juridique&hellip; <br \/> <a class=\"read-more\" href=\"https:\/\/canut-conseil.fr\/index.php\/mentions-legales\/\">Lire la suite<\/a><\/p>\n","protected":false},"author":1,"featured_media":10365,"parent":0,"menu_order":0,"comment_status":"closed","ping_status":"closed","template":"","meta":{"footnotes":""},"class_list":["post-481","page","type-page","status-publish","has-post-thumbnail","hentry"],"yoast_head":"<!-- This site is optimized with the Yoast SEO plugin v25.5 - https:\/\/yoast.com\/wordpress\/plugins\/seo\/ -->\n<title>Mentions l\u00e9gales - CANUT CONSEIL IMMOBILIER<\/title>\n<meta name=\"robots\" content=\"index, follow, max-snippet:-1, max-image-preview:large, max-video-preview:-1\" \/>\n<link rel=\"canonical\" href=\"https:\/\/canut-conseil.fr\/index.php\/mentions-legales\/\" \/>\n<meta property=\"og:locale\" content=\"fr_FR\" \/>\n<meta property=\"og:type\" content=\"article\" \/>\n<meta property=\"og:title\" content=\"Mentions l\u00e9gales - CANUT CONSEIL IMMOBILIER\" \/>\n<meta property=\"og:description\" content=\"CANUT CONSEIL IMMOBILIER CARTE PROFESSIONNELLE PERMETTANT L&#8217;ACTIVIT\u00c9 DE LA TRANSACTION SUR IMMEUBLES ET FONDS DE COMMERCE (Loi N\u00b0 70-9 du 2 janvier 1970) Carte professionnelle n\u00b0 : CPI69012021000000173 valable jusqu&#8217;au 28\/10\/2027 D\u00e9livr\u00e9e par : CCI de LYON M\u00c9TROPOLE Le pr\u00e9sident : VALENTIN Philippe Titulaire de la carte : D\u00e9nomination : CANUT CONSEIL IMMOBILIER Forme juridique&hellip; Lire la suite\" \/>\n<meta property=\"og:url\" content=\"https:\/\/canut-conseil.fr\/index.php\/mentions-legales\/\" \/>\n<meta property=\"og:site_name\" content=\"CANUT CONSEIL IMMOBILIER\" \/>\n<meta property=\"article:modified_time\" content=\"2024-10-02T16:18:17+00:00\" \/>\n<meta property=\"og:image\" content=\"https:\/\/canut-conseil.fr\/wp-content\/uploads\/2024\/10\/Illustration-Finale-Canuts-redim-site-web.jpg\" \/>\n\t<meta property=\"og:image:width\" content=\"744\" \/>\n\t<meta property=\"og:image:height\" content=\"1053\" \/>\n\t<meta property=\"og:image:type\" content=\"image\/jpeg\" \/>\n<meta name=\"twitter:card\" content=\"summary_large_image\" \/>\n<meta name=\"twitter:label1\" content=\"Dur\u00e9e de lecture estim\u00e9e\" \/>\n\t<meta name=\"twitter:data1\" content=\"1 minute\" \/>\n<script type=\"application\/ld+json\" class=\"yoast-schema-graph\">{\"@context\":\"https:\/\/schema.org\",\"@graph\":[{\"@type\":\"WebPage\",\"@id\":\"https:\/\/canut-conseil.fr\/index.php\/mentions-legales\/\",\"url\":\"https:\/\/canut-conseil.fr\/index.php\/mentions-legales\/\",\"name\":\"Mentions l\u00e9gales - CANUT CONSEIL IMMOBILIER\",\"isPartOf\":{\"@id\":\"https:\/\/canut-conseil.fr\/#website\"},\"primaryImageOfPage\":{\"@id\":\"https:\/\/canut-conseil.fr\/index.php\/mentions-legales\/#primaryimage\"},\"image\":{\"@id\":\"https:\/\/canut-conseil.fr\/index.php\/mentions-legales\/#primaryimage\"},\"thumbnailUrl\":\"https:\/\/canut-conseil.fr\/wp-content\/uploads\/2024\/10\/Illustration-Finale-Canuts-redim-site-web.jpg\",\"datePublished\":\"2021-11-29T20:20:19+00:00\",\"dateModified\":\"2024-10-02T16:18:17+00:00\",\"breadcrumb\":{\"@id\":\"https:\/\/canut-conseil.fr\/index.php\/mentions-legales\/#breadcrumb\"},\"inLanguage\":\"fr-FR\",\"potentialAction\":[{\"@type\":\"ReadAction\",\"target\":[\"https:\/\/canut-conseil.fr\/index.php\/mentions-legales\/\"]}]},{\"@type\":\"ImageObject\",\"inLanguage\":\"fr-FR\",\"@id\":\"https:\/\/canut-conseil.fr\/index.php\/mentions-legales\/#primaryimage\",\"url\":\"https:\/\/canut-conseil.fr\/wp-content\/uploads\/2024\/10\/Illustration-Finale-Canuts-redim-site-web.jpg\",\"contentUrl\":\"https:\/\/canut-conseil.fr\/wp-content\/uploads\/2024\/10\/Illustration-Finale-Canuts-redim-site-web.jpg\",\"width\":744,\"height\":1053},{\"@type\":\"BreadcrumbList\",\"@id\":\"https:\/\/canut-conseil.fr\/index.php\/mentions-legales\/#breadcrumb\",\"itemListElement\":[{\"@type\":\"ListItem\",\"position\":1,\"name\":\"Accueil\",\"item\":\"https:\/\/canut-conseil.fr\/\"},{\"@type\":\"ListItem\",\"position\":2,\"name\":\"Mentions l\u00e9gales\"}]},{\"@type\":\"WebSite\",\"@id\":\"https:\/\/canut-conseil.fr\/#website\",\"url\":\"https:\/\/canut-conseil.fr\/\",\"name\":\"CANUT CONSEIL IMMOBILIER Lyon Croix-Rousse (69004)\",\"description\":\"Agent immobilier \u00e0 Lyon \/ Croix-Rousse\",\"publisher\":{\"@id\":\"https:\/\/canut-conseil.fr\/#organization\"},\"potentialAction\":[{\"@type\":\"SearchAction\",\"target\":{\"@type\":\"EntryPoint\",\"urlTemplate\":\"https:\/\/canut-conseil.fr\/?s={search_term_string}\"},\"query-input\":{\"@type\":\"PropertyValueSpecification\",\"valueRequired\":true,\"valueName\":\"search_term_string\"}}],\"inLanguage\":\"fr-FR\"},{\"@type\":\"Organization\",\"@id\":\"https:\/\/canut-conseil.fr\/#organization\",\"name\":\"CANUT CONSEIL IMMOBILIER Lyon Croix-Rousse (69004)\",\"url\":\"https:\/\/canut-conseil.fr\/\",\"logo\":{\"@type\":\"ImageObject\",\"inLanguage\":\"fr-FR\",\"@id\":\"https:\/\/canut-conseil.fr\/#\/schema\/logo\/image\/\",\"url\":\"https:\/\/canut-conseil.fr\/wp-content\/uploads\/2021\/12\/cropped-logo-nobackground-200-1.png\",\"contentUrl\":\"https:\/\/canut-conseil.fr\/wp-content\/uploads\/2021\/12\/cropped-logo-nobackground-200-1.png\",\"width\":200,\"height\":200,\"caption\":\"CANUT CONSEIL IMMOBILIER Lyon Croix-Rousse (69004)\"},\"image\":{\"@id\":\"https:\/\/canut-conseil.fr\/#\/schema\/logo\/image\/\"}}]}<\/script>\n<!-- \/ Yoast SEO plugin. -->","yoast_head_json":{"title":"Mentions l\u00e9gales - CANUT CONSEIL IMMOBILIER","robots":{"index":"index","follow":"follow","max-snippet":"max-snippet:-1","max-image-preview":"max-image-preview:large","max-video-preview":"max-video-preview:-1"},"canonical":"https:\/\/canut-conseil.fr\/index.php\/mentions-legales\/","og_locale":"fr_FR","og_type":"article","og_title":"Mentions l\u00e9gales - CANUT CONSEIL IMMOBILIER","og_description":"CANUT CONSEIL IMMOBILIER CARTE PROFESSIONNELLE PERMETTANT L&#8217;ACTIVIT\u00c9 DE LA TRANSACTION SUR IMMEUBLES ET FONDS DE COMMERCE (Loi N\u00b0 70-9 du 2 janvier 1970) Carte professionnelle n\u00b0 : CPI69012021000000173 valable jusqu&#8217;au 28\/10\/2027 D\u00e9livr\u00e9e par : CCI de LYON M\u00c9TROPOLE Le pr\u00e9sident : VALENTIN Philippe Titulaire de la carte : D\u00e9nomination : CANUT CONSEIL IMMOBILIER Forme juridique&hellip; Lire la suite","og_url":"https:\/\/canut-conseil.fr\/index.php\/mentions-legales\/","og_site_name":"CANUT CONSEIL IMMOBILIER","article_modified_time":"2024-10-02T16:18:17+00:00","og_image":[{"width":744,"height":1053,"url":"https:\/\/canut-conseil.fr\/wp-content\/uploads\/2024\/10\/Illustration-Finale-Canuts-redim-site-web.jpg","type":"image\/jpeg"}],"twitter_card":"summary_large_image","twitter_misc":{"Dur\u00e9e de lecture estim\u00e9e":"1 minute"},"schema":{"@context":"https:\/\/schema.org","@graph":[{"@type":"WebPage","@id":"https:\/\/canut-conseil.fr\/index.php\/mentions-legales\/","url":"https:\/\/canut-conseil.fr\/index.php\/mentions-legales\/","name":"Mentions l\u00e9gales - CANUT CONSEIL IMMOBILIER","isPartOf":{"@id":"https:\/\/canut-conseil.fr\/#website"},"primaryImageOfPage":{"@id":"https:\/\/canut-conseil.fr\/index.php\/mentions-legales\/#primaryimage"},"image":{"@id":"https:\/\/canut-conseil.fr\/index.php\/mentions-legales\/#primaryimage"},"thumbnailUrl":"https:\/\/canut-conseil.fr\/wp-content\/uploads\/2024\/10\/Illustration-Finale-Canuts-redim-site-web.jpg","datePublished":"2021-11-29T20:20:19+00:00","dateModified":"2024-10-02T16:18:17+00:00","breadcrumb":{"@id":"https:\/\/canut-conseil.fr\/index.php\/mentions-legales\/#breadcrumb"},"inLanguage":"fr-FR","potentialAction":[{"@type":"ReadAction","target":["https:\/\/canut-conseil.fr\/index.php\/mentions-legales\/"]}]},{"@type":"ImageObject","inLanguage":"fr-FR","@id":"https:\/\/canut-conseil.fr\/index.php\/mentions-legales\/#primaryimage","url":"https:\/\/canut-conseil.fr\/wp-content\/uploads\/2024\/10\/Illustration-Finale-Canuts-redim-site-web.jpg","contentUrl":"https:\/\/canut-conseil.fr\/wp-content\/uploads\/2024\/10\/Illustration-Finale-Canuts-redim-site-web.jpg","width":744,"height":1053},{"@type":"BreadcrumbList","@id":"https:\/\/canut-conseil.fr\/index.php\/mentions-legales\/#breadcrumb","itemListElement":[{"@type":"ListItem","position":1,"name":"Accueil","item":"https:\/\/canut-conseil.fr\/"},{"@type":"ListItem","position":2,"name":"Mentions l\u00e9gales"}]},{"@type":"WebSite","@id":"https:\/\/canut-conseil.fr\/#website","url":"https:\/\/canut-conseil.fr\/","name":"CANUT CONSEIL IMMOBILIER Lyon Croix-Rousse (69004)","description":"Agent immobilier \u00e0 Lyon \/ Croix-Rousse","publisher":{"@id":"https:\/\/canut-conseil.fr\/#organization"},"potentialAction":[{"@type":"SearchAction","target":{"@type":"EntryPoint","urlTemplate":"https:\/\/canut-conseil.fr\/?s={search_term_string}"},"query-input":{"@type":"PropertyValueSpecification","valueRequired":true,"valueName":"search_term_string"}}],"inLanguage":"fr-FR"},{"@type":"Organization","@id":"https:\/\/canut-conseil.fr\/#organization","name":"CANUT CONSEIL IMMOBILIER Lyon Croix-Rousse (69004)","url":"https:\/\/canut-conseil.fr\/","logo":{"@type":"ImageObject","inLanguage":"fr-FR","@id":"https:\/\/canut-conseil.fr\/#\/schema\/logo\/image\/","url":"https:\/\/canut-conseil.fr\/wp-content\/uploads\/2021\/12\/cropped-logo-nobackground-200-1.png","contentUrl":"https:\/\/canut-conseil.fr\/wp-content\/uploads\/2021\/12\/cropped-logo-nobackground-200-1.png","width":200,"height":200,"caption":"CANUT CONSEIL IMMOBILIER Lyon Croix-Rousse (69004)"},"image":{"@id":"https:\/\/canut-conseil.fr\/#\/schema\/logo\/image\/"}}]}},"_links":{"self":[{"href":"https:\/\/canut-conseil.fr\/index.php\/wp-json\/wp\/v2\/pages\/481","targetHints":{"allow":["GET"]}}],"collection":[{"href":"https:\/\/canut-conseil.fr\/index.php\/wp-json\/wp\/v2\/pages"}],"about":[{"href":"https:\/\/canut-conseil.fr\/index.php\/wp-json\/wp\/v2\/types\/page"}],"author":[{"embeddable":true,"href":"https:\/\/canut-conseil.fr\/index.php\/wp-json\/wp\/v2\/users\/1"}],"replies":[{"embeddable":true,"href":"https:\/\/canut-conseil.fr\/index.php\/wp-json\/wp\/v2\/comments?post=481"}],"version-history":[{"count":11,"href":"https:\/\/canut-conseil.fr\/index.php\/wp-json\/wp\/v2\/pages\/481\/revisions"}],"predecessor-version":[{"id":10290,"href":"https:\/\/canut-conseil.fr\/index.php\/wp-json\/wp\/v2\/pages\/481\/revisions\/10290"}],"wp:featuredmedia":[{"embeddable":true,"href":"https:\/\/canut-conseil.fr\/index.php\/wp-json\/wp\/v2\/media\/10365"}],"wp:attachment":[{"href":"https:\/\/canut-conseil.fr\/index.php\/wp-json\/wp\/v2\/media?parent=481"}],"curies":[{"name":"wp","href":"https:\/\/api.w.org\/{rel}","templated":true}]}}