{"id":4992,"date":"2022-12-30T13:15:23","date_gmt":"2022-12-30T12:15:23","guid":{"rendered":"https:\/\/canut-conseil.fr\/?page_id=4992"},"modified":"2024-10-02T18:15:55","modified_gmt":"2024-10-02T16:15:55","slug":"le-mandat-de-vente","status":"publish","type":"page","link":"https:\/\/canut-conseil.fr\/index.php\/le-mandat-de-vente\/","title":{"rendered":"Le mandat de vente"},"content":{"rendered":"\n<p class=\"has-text-align-left has-black-color has-text-color\">La soci\u00e9t\u00e9 CANUT CONSEIL IMMOBILIER vous propose aujourd\u2019hui ses services et vous avez le choix entre les 3 options avec un tableau comparatif en page 2&nbsp;; c\u2019est-\u00e0-dire le mandat EXCLUSIF \/ SIMPLE \/ SEMI-EXCLUSIF.<\/p>\n\n\n\n<p class=\"has-text-align-left has-black-color has-text-color\">Afin de r\u00e9pondre \u00e0 la demande de nos clients, nous ne r\u00e9digeons pas de mandat de vente en \u00ab&nbsp;interne&nbsp;\u00bb pour \u00e9viter les clauses ill\u00e9gales ou l\u00e9onines.<\/p>\n\n\n\n<p class=\"has-text-align-left has-black-color has-text-color\">Nous avons fait le choix de travailler avec les formulaires de la soci\u00e9t\u00e9 TISSOT qui est un \u00e9diteur fran\u00e7ais de formulaires juridiques immobiliers.<\/p>\n\n\n\n<p class=\"has-black-color has-text-color\"><\/p>\n\n\n\n<p class=\"has-text-align-left has-black-color has-text-color\"><strong><u>1 \u2013 DOCUMENTS L\u00c9GAUX DES \u00c9DITIONS Tissot&nbsp;:<\/u><\/strong><\/p>\n\n\n\n<p class=\"has-text-align-left has-black-color has-text-color\">Depuis 1965, TISSOT permet de garantir la&nbsp;s\u00e9curit\u00e9 juridique et tous ces documents sont accessibles aux particuliers que ce soit pour la transaction immobili\u00e8re, la copropri\u00e9t\u00e9, louer ou g\u00e9rer afin de r\u00e9diger les mandats, baux d\u2019habitation, baux commerciaux, saisonniers, \u00e9tat des lieux et beaucoup d\u2019autres formulaires l\u00e9gaux en boutique sp\u00e9cialis\u00e9e ou via le site www.tissot.fr.<\/p>\n\n\n\n<p class=\"has-text-align-left has-black-color has-text-color\">Au-del\u00e0 de la qualit\u00e9 juridique, ils sont r\u00e9guli\u00e8rement mis \u00e0 jour et respectent l\u2019\u00e9quilibre contractuel entre les parties&nbsp;; l\u2019avantage est que cela nous permet de compl\u00e9ter de fa\u00e7on manuscrite et non \u00e9quivoque les \u00e9l\u00e9ments essentiels et choisir l\u2019option la plus adapt\u00e9e selon la volont\u00e9 du propri\u00e9taire.<\/p>\n\n\n\n<p><\/p>\n\n\n\n<p class=\"has-text-align-left has-black-color has-text-color\"><strong><u>2 \u2013 TABLEAU DES QUESTIONS LES PLUS FR\u00c9QUENTES&nbsp;<\/u><\/strong><strong>:<\/strong><\/p>\n\n\n\n<figure class=\"wp-block-table is-style-stripes\"><table class=\"has-black-color has-text-color has-fixed-layout\"><tbody><tr><td class=\"has-text-align-left\" data-align=\"left\">&nbsp;<\/td><td class=\"has-text-align-left\" data-align=\"left\"><strong>EXCLUSIF<\/strong><\/td><td><strong>SIMPLE<\/strong><\/td><td><strong>SEMI-EXCLUSIF<\/strong><\/td><\/tr><tr><td class=\"has-text-align-left\" data-align=\"left\">Possibilit\u00e9 de vendre par soi-m\u00eame&nbsp;?<\/td><td class=\"has-text-align-left\" data-align=\"left\">X<\/td><td>V<\/td><td>V<\/td><\/tr><tr><td class=\"has-text-align-left\" data-align=\"left\">Donner le mandat \u00e0 plusieurs agences&nbsp;?<\/td><td class=\"has-text-align-left\" data-align=\"left\">X<\/td><td>V<\/td><td>X*<\/td><\/tr><tr><td class=\"has-text-align-left\" data-align=\"left\">Meilleure visibilit\u00e9 et classement publicit\u00e9&nbsp;?<\/td><td class=\"has-text-align-left\" data-align=\"left\">V<\/td><td>X<\/td><td>V<\/td><\/tr><tr><td class=\"has-text-align-left\" data-align=\"left\">Dur\u00e9e du mandat&nbsp;?<\/td><td class=\"has-text-align-left\" data-align=\"left\">3 mois<\/td><td>3 mois<\/td><td><strong><u>45 jours<\/u><\/strong><\/td><\/tr><tr><td class=\"has-text-align-left\" data-align=\"left\">Pr\u00e9avis pour r\u00e9silier&nbsp;?<\/td><td class=\"has-text-align-left\" data-align=\"left\">15 jours<\/td><td>15 jours<\/td><td>15 jours<\/td><\/tr><tr><td class=\"has-text-align-left\" data-align=\"left\">Possibilit\u00e9 de refuser une offre inf\u00e9rieure au prix demand\u00e9&nbsp;?<\/td><td class=\"has-text-align-left\" data-align=\"left\">V<\/td><td>V<\/td><td>V<\/td><\/tr><tr><td class=\"has-text-align-left\" data-align=\"left\">Votre choix&nbsp;:<\/td><td class=\"has-text-align-left\" data-align=\"left\"><strong>Option 1<\/strong><\/td><td><strong>Option 2<\/strong><\/td><td><strong>Option 3<\/strong><\/td><\/tr><\/tbody><\/table><\/figure>\n\n\n\n<p class=\"has-text-align-left has-black-color has-text-color\"><strong><em>(*) <\/em><\/strong><em>dans le cadre du mandat SEMI-EXCLUSIF, il est possible de pr\u00e9voir une d\u00e9l\u00e9gation afin que l\u2019agent immobilier puisse traiter \u00e9galement avec ses confr\u00e8res pour faire de l\u2019inter-agence.<\/em><\/p>\n\n\n\n<p class=\"has-text-align-left has-black-color has-text-color\"><strong><u>Symbole<\/u><\/strong><strong>&nbsp;:<\/strong> V:<strong>OUI \/<\/strong> X:<strong>NON<\/strong><\/p>\n\n\n\n<p class=\"has-text-align-left has-black-color has-text-color\">Sachant que dans tous les cas, vous b\u00e9n\u00e9ficiez de nos conseils et de tous nos services inclus&nbsp;:<\/p>\n\n\n\n<p class=\"has-text-align-left has-black-color has-text-color\">\u2192 estimation du prix de vente de votre bien<\/p>\n\n\n\n<p class=\"has-text-align-left has-black-color has-text-color\">\u2192 r\u00e9alisation de photos en qualit\u00e9 HDR<\/p>\n\n\n\n<p class=\"has-text-align-left has-black-color has-text-color\">\u2192 r\u00e9daction et diffusion de l\u2019annonce sur les diff\u00e9rents supports publicitaires (internet, flyer&#8230;)<\/p>\n\n\n\n<p class=\"has-text-align-left has-black-color has-text-color\">\u2192 relance t\u00e9l\u00e9phonique et rapprochement sur notre fichier clients<\/p>\n\n\n\n<p class=\"has-text-align-left has-black-color has-text-color\">\u2192 accompagnement des clients lors de chaque visite<\/p>\n\n\n\n<p class=\"has-text-align-left has-black-color has-text-color\">\u2192 n\u00e9gociation active et formulation d\u2019une offre d\u2019achat \u00e9crite<\/p>\n\n\n\n<p class=\"has-text-align-left has-black-color has-text-color\">\u2192 vous \u00eates libre d\u2019accepter ou de discuter la proposition, et d\u2019effectuer une contre-offre<\/p>\n\n\n\n<p class=\"has-text-align-left has-black-color has-text-color\">\u2192 suivi du dossier de vente jusqu\u2019\u00e0 la signature de l\u2019acte authentique chez le Notaire<\/p>\n\n\n\n<p class=\"has-black-color has-text-color\"><\/p>\n\n\n\n<p class=\"has-text-align-left has-black-color has-text-color\"><strong><u>3 \u2013 OBLIGATION DU REGISTRE DES MANDATS<\/u> (Loi Hoguet n\u00b070-9 du 2 janvier 1970)<\/strong><\/p>\n\n\n\n<p class=\"has-text-align-left has-black-color has-text-color\">Dans tous les cas, lors de la signature d\u2019un mandat, celui-ci doit \u00eatre obligatoirement dat\u00e9 et num\u00e9rot\u00e9 sur un registre sp\u00e9cifique que doit d\u00e9tenir l\u2019agent immobilier.<\/p>\n\n\n\n<p class=\"has-text-align-left has-black-color has-text-color\">Celui-ci peut faire le cas \u00e9chant l\u2019objet d\u2019un contr\u00f4le par la DGCCRF (direction g\u00e9n\u00e9rale de la concurrence, de la consommation et de la r\u00e9pression des fraudes) ou par les organisations professionnelles dans le cadre de notre garantie financi\u00e8re.<\/p>\n\n\n\n<p class=\"has-text-align-left has-black-color has-text-color\">Afin de prot\u00e9ger le propri\u00e9taire, nous avons l\u2019obligation aussi de vous remettre un formulaire d\u2019information pr\u00e9contractuelle qui reprend les bases l\u00e9gales communes ainsi qu\u2019un formulaire en cas d\u2019annulation.<\/p>\n\n\n\n<p class=\"has-text-align-left has-black-color has-text-color\"><\/p>\n\n\n\n<p class=\"has-text-align-left has-black-color has-text-color\">Bien s\u00fbr notre soci\u00e9t\u00e9 respecte parfaitement ces obligations, et nous tenons en plus de la relation de confiance \u00e0 vous donner toutes ces garanties.<\/p>\n\n\n\n<p class=\"has-text-align-left has-black-color has-text-color\">Joignable au 04.78.39.71.98 pour vous apporter informations et conseils le cas \u00e9ch\u00e9ant afin de r\u00e9aliser le suivi de votre transaction au mieux de vos int\u00e9r\u00eats.<\/p>\n","protected":false},"excerpt":{"rendered":"<p>La soci\u00e9t\u00e9 CANUT CONSEIL IMMOBILIER vous propose aujourd\u2019hui ses services et vous avez le choix entre les 3 options avec un tableau comparatif en page 2&nbsp;; c\u2019est-\u00e0-dire le mandat EXCLUSIF \/ SIMPLE \/ SEMI-EXCLUSIF. Afin de r\u00e9pondre \u00e0 la demande de nos clients, nous ne r\u00e9digeons pas de mandat de vente en \u00ab&nbsp;interne&nbsp;\u00bb pour \u00e9viter&hellip; <br \/> <a class=\"read-more\" href=\"https:\/\/canut-conseil.fr\/index.php\/le-mandat-de-vente\/\">Lire la suite<\/a><\/p>\n","protected":false},"author":1,"featured_media":10365,"parent":0,"menu_order":0,"comment_status":"closed","ping_status":"closed","template":"","meta":{"footnotes":""},"class_list":["post-4992","page","type-page","status-publish","has-post-thumbnail","hentry"],"yoast_head":"<!-- This site is optimized with the Yoast SEO plugin v25.5 - https:\/\/yoast.com\/wordpress\/plugins\/seo\/ -->\n<title>Le mandat de vente - CANUT CONSEIL IMMOBILIER<\/title>\n<meta name=\"robots\" content=\"index, follow, max-snippet:-1, max-image-preview:large, max-video-preview:-1\" \/>\n<link rel=\"canonical\" href=\"https:\/\/canut-conseil.fr\/index.php\/le-mandat-de-vente\/\" \/>\n<meta property=\"og:locale\" content=\"fr_FR\" \/>\n<meta property=\"og:type\" content=\"article\" \/>\n<meta property=\"og:title\" content=\"Le mandat de vente - CANUT CONSEIL IMMOBILIER\" \/>\n<meta property=\"og:description\" content=\"La soci\u00e9t\u00e9 CANUT CONSEIL IMMOBILIER vous propose aujourd\u2019hui ses services et vous avez le choix entre les 3 options avec un tableau comparatif en page 2&nbsp;; c\u2019est-\u00e0-dire le mandat EXCLUSIF \/ SIMPLE \/ SEMI-EXCLUSIF. Afin de r\u00e9pondre \u00e0 la demande de nos clients, nous ne r\u00e9digeons pas de mandat de vente en \u00ab&nbsp;interne&nbsp;\u00bb pour \u00e9viter&hellip; Lire la suite\" \/>\n<meta property=\"og:url\" content=\"https:\/\/canut-conseil.fr\/index.php\/le-mandat-de-vente\/\" \/>\n<meta property=\"og:site_name\" content=\"CANUT CONSEIL IMMOBILIER\" \/>\n<meta property=\"article:modified_time\" content=\"2024-10-02T16:15:55+00:00\" \/>\n<meta property=\"og:image\" content=\"https:\/\/canut-conseil.fr\/wp-content\/uploads\/2024\/10\/Illustration-Finale-Canuts-redim-site-web.jpg\" \/>\n\t<meta property=\"og:image:width\" content=\"744\" \/>\n\t<meta property=\"og:image:height\" content=\"1053\" \/>\n\t<meta property=\"og:image:type\" content=\"image\/jpeg\" \/>\n<meta name=\"twitter:card\" content=\"summary_large_image\" \/>\n<meta name=\"twitter:label1\" content=\"Dur\u00e9e de lecture estim\u00e9e\" \/>\n\t<meta name=\"twitter:data1\" content=\"4 minutes\" \/>\n<script type=\"application\/ld+json\" class=\"yoast-schema-graph\">{\"@context\":\"https:\/\/schema.org\",\"@graph\":[{\"@type\":\"WebPage\",\"@id\":\"https:\/\/canut-conseil.fr\/index.php\/le-mandat-de-vente\/\",\"url\":\"https:\/\/canut-conseil.fr\/index.php\/le-mandat-de-vente\/\",\"name\":\"Le mandat de vente - CANUT CONSEIL IMMOBILIER\",\"isPartOf\":{\"@id\":\"https:\/\/canut-conseil.fr\/#website\"},\"primaryImageOfPage\":{\"@id\":\"https:\/\/canut-conseil.fr\/index.php\/le-mandat-de-vente\/#primaryimage\"},\"image\":{\"@id\":\"https:\/\/canut-conseil.fr\/index.php\/le-mandat-de-vente\/#primaryimage\"},\"thumbnailUrl\":\"https:\/\/canut-conseil.fr\/wp-content\/uploads\/2024\/10\/Illustration-Finale-Canuts-redim-site-web.jpg\",\"datePublished\":\"2022-12-30T12:15:23+00:00\",\"dateModified\":\"2024-10-02T16:15:55+00:00\",\"breadcrumb\":{\"@id\":\"https:\/\/canut-conseil.fr\/index.php\/le-mandat-de-vente\/#breadcrumb\"},\"inLanguage\":\"fr-FR\",\"potentialAction\":[{\"@type\":\"ReadAction\",\"target\":[\"https:\/\/canut-conseil.fr\/index.php\/le-mandat-de-vente\/\"]}]},{\"@type\":\"ImageObject\",\"inLanguage\":\"fr-FR\",\"@id\":\"https:\/\/canut-conseil.fr\/index.php\/le-mandat-de-vente\/#primaryimage\",\"url\":\"https:\/\/canut-conseil.fr\/wp-content\/uploads\/2024\/10\/Illustration-Finale-Canuts-redim-site-web.jpg\",\"contentUrl\":\"https:\/\/canut-conseil.fr\/wp-content\/uploads\/2024\/10\/Illustration-Finale-Canuts-redim-site-web.jpg\",\"width\":744,\"height\":1053},{\"@type\":\"BreadcrumbList\",\"@id\":\"https:\/\/canut-conseil.fr\/index.php\/le-mandat-de-vente\/#breadcrumb\",\"itemListElement\":[{\"@type\":\"ListItem\",\"position\":1,\"name\":\"Accueil\",\"item\":\"https:\/\/canut-conseil.fr\/\"},{\"@type\":\"ListItem\",\"position\":2,\"name\":\"Le mandat de vente\"}]},{\"@type\":\"WebSite\",\"@id\":\"https:\/\/canut-conseil.fr\/#website\",\"url\":\"https:\/\/canut-conseil.fr\/\",\"name\":\"CANUT CONSEIL IMMOBILIER Lyon Croix-Rousse (69004)\",\"description\":\"Agent immobilier \u00e0 Lyon \/ Croix-Rousse\",\"publisher\":{\"@id\":\"https:\/\/canut-conseil.fr\/#organization\"},\"potentialAction\":[{\"@type\":\"SearchAction\",\"target\":{\"@type\":\"EntryPoint\",\"urlTemplate\":\"https:\/\/canut-conseil.fr\/?s={search_term_string}\"},\"query-input\":{\"@type\":\"PropertyValueSpecification\",\"valueRequired\":true,\"valueName\":\"search_term_string\"}}],\"inLanguage\":\"fr-FR\"},{\"@type\":\"Organization\",\"@id\":\"https:\/\/canut-conseil.fr\/#organization\",\"name\":\"CANUT CONSEIL IMMOBILIER Lyon Croix-Rousse (69004)\",\"url\":\"https:\/\/canut-conseil.fr\/\",\"logo\":{\"@type\":\"ImageObject\",\"inLanguage\":\"fr-FR\",\"@id\":\"https:\/\/canut-conseil.fr\/#\/schema\/logo\/image\/\",\"url\":\"https:\/\/canut-conseil.fr\/wp-content\/uploads\/2021\/12\/cropped-logo-nobackground-200-1.png\",\"contentUrl\":\"https:\/\/canut-conseil.fr\/wp-content\/uploads\/2021\/12\/cropped-logo-nobackground-200-1.png\",\"width\":200,\"height\":200,\"caption\":\"CANUT CONSEIL IMMOBILIER Lyon Croix-Rousse (69004)\"},\"image\":{\"@id\":\"https:\/\/canut-conseil.fr\/#\/schema\/logo\/image\/\"}}]}<\/script>\n<!-- \/ Yoast SEO plugin. -->","yoast_head_json":{"title":"Le mandat de vente - CANUT CONSEIL IMMOBILIER","robots":{"index":"index","follow":"follow","max-snippet":"max-snippet:-1","max-image-preview":"max-image-preview:large","max-video-preview":"max-video-preview:-1"},"canonical":"https:\/\/canut-conseil.fr\/index.php\/le-mandat-de-vente\/","og_locale":"fr_FR","og_type":"article","og_title":"Le mandat de vente - CANUT CONSEIL IMMOBILIER","og_description":"La soci\u00e9t\u00e9 CANUT CONSEIL IMMOBILIER vous propose aujourd\u2019hui ses services et vous avez le choix entre les 3 options avec un tableau comparatif en page 2&nbsp;; c\u2019est-\u00e0-dire le mandat EXCLUSIF \/ SIMPLE \/ SEMI-EXCLUSIF. Afin de r\u00e9pondre \u00e0 la demande de nos clients, nous ne r\u00e9digeons pas de mandat de vente en \u00ab&nbsp;interne&nbsp;\u00bb pour \u00e9viter&hellip; Lire la suite","og_url":"https:\/\/canut-conseil.fr\/index.php\/le-mandat-de-vente\/","og_site_name":"CANUT CONSEIL IMMOBILIER","article_modified_time":"2024-10-02T16:15:55+00:00","og_image":[{"width":744,"height":1053,"url":"https:\/\/canut-conseil.fr\/wp-content\/uploads\/2024\/10\/Illustration-Finale-Canuts-redim-site-web.jpg","type":"image\/jpeg"}],"twitter_card":"summary_large_image","twitter_misc":{"Dur\u00e9e de lecture estim\u00e9e":"4 minutes"},"schema":{"@context":"https:\/\/schema.org","@graph":[{"@type":"WebPage","@id":"https:\/\/canut-conseil.fr\/index.php\/le-mandat-de-vente\/","url":"https:\/\/canut-conseil.fr\/index.php\/le-mandat-de-vente\/","name":"Le mandat de vente - CANUT CONSEIL IMMOBILIER","isPartOf":{"@id":"https:\/\/canut-conseil.fr\/#website"},"primaryImageOfPage":{"@id":"https:\/\/canut-conseil.fr\/index.php\/le-mandat-de-vente\/#primaryimage"},"image":{"@id":"https:\/\/canut-conseil.fr\/index.php\/le-mandat-de-vente\/#primaryimage"},"thumbnailUrl":"https:\/\/canut-conseil.fr\/wp-content\/uploads\/2024\/10\/Illustration-Finale-Canuts-redim-site-web.jpg","datePublished":"2022-12-30T12:15:23+00:00","dateModified":"2024-10-02T16:15:55+00:00","breadcrumb":{"@id":"https:\/\/canut-conseil.fr\/index.php\/le-mandat-de-vente\/#breadcrumb"},"inLanguage":"fr-FR","potentialAction":[{"@type":"ReadAction","target":["https:\/\/canut-conseil.fr\/index.php\/le-mandat-de-vente\/"]}]},{"@type":"ImageObject","inLanguage":"fr-FR","@id":"https:\/\/canut-conseil.fr\/index.php\/le-mandat-de-vente\/#primaryimage","url":"https:\/\/canut-conseil.fr\/wp-content\/uploads\/2024\/10\/Illustration-Finale-Canuts-redim-site-web.jpg","contentUrl":"https:\/\/canut-conseil.fr\/wp-content\/uploads\/2024\/10\/Illustration-Finale-Canuts-redim-site-web.jpg","width":744,"height":1053},{"@type":"BreadcrumbList","@id":"https:\/\/canut-conseil.fr\/index.php\/le-mandat-de-vente\/#breadcrumb","itemListElement":[{"@type":"ListItem","position":1,"name":"Accueil","item":"https:\/\/canut-conseil.fr\/"},{"@type":"ListItem","position":2,"name":"Le mandat de vente"}]},{"@type":"WebSite","@id":"https:\/\/canut-conseil.fr\/#website","url":"https:\/\/canut-conseil.fr\/","name":"CANUT CONSEIL IMMOBILIER Lyon Croix-Rousse (69004)","description":"Agent immobilier \u00e0 Lyon \/ Croix-Rousse","publisher":{"@id":"https:\/\/canut-conseil.fr\/#organization"},"potentialAction":[{"@type":"SearchAction","target":{"@type":"EntryPoint","urlTemplate":"https:\/\/canut-conseil.fr\/?s={search_term_string}"},"query-input":{"@type":"PropertyValueSpecification","valueRequired":true,"valueName":"search_term_string"}}],"inLanguage":"fr-FR"},{"@type":"Organization","@id":"https:\/\/canut-conseil.fr\/#organization","name":"CANUT CONSEIL IMMOBILIER Lyon Croix-Rousse (69004)","url":"https:\/\/canut-conseil.fr\/","logo":{"@type":"ImageObject","inLanguage":"fr-FR","@id":"https:\/\/canut-conseil.fr\/#\/schema\/logo\/image\/","url":"https:\/\/canut-conseil.fr\/wp-content\/uploads\/2021\/12\/cropped-logo-nobackground-200-1.png","contentUrl":"https:\/\/canut-conseil.fr\/wp-content\/uploads\/2021\/12\/cropped-logo-nobackground-200-1.png","width":200,"height":200,"caption":"CANUT CONSEIL IMMOBILIER Lyon Croix-Rousse (69004)"},"image":{"@id":"https:\/\/canut-conseil.fr\/#\/schema\/logo\/image\/"}}]}},"_links":{"self":[{"href":"https:\/\/canut-conseil.fr\/index.php\/wp-json\/wp\/v2\/pages\/4992","targetHints":{"allow":["GET"]}}],"collection":[{"href":"https:\/\/canut-conseil.fr\/index.php\/wp-json\/wp\/v2\/pages"}],"about":[{"href":"https:\/\/canut-conseil.fr\/index.php\/wp-json\/wp\/v2\/types\/page"}],"author":[{"embeddable":true,"href":"https:\/\/canut-conseil.fr\/index.php\/wp-json\/wp\/v2\/users\/1"}],"replies":[{"embeddable":true,"href":"https:\/\/canut-conseil.fr\/index.php\/wp-json\/wp\/v2\/comments?post=4992"}],"version-history":[{"count":14,"href":"https:\/\/canut-conseil.fr\/index.php\/wp-json\/wp\/v2\/pages\/4992\/revisions"}],"predecessor-version":[{"id":8558,"href":"https:\/\/canut-conseil.fr\/index.php\/wp-json\/wp\/v2\/pages\/4992\/revisions\/8558"}],"wp:featuredmedia":[{"embeddable":true,"href":"https:\/\/canut-conseil.fr\/index.php\/wp-json\/wp\/v2\/media\/10365"}],"wp:attachment":[{"href":"https:\/\/canut-conseil.fr\/index.php\/wp-json\/wp\/v2\/media?parent=4992"}],"curies":[{"name":"wp","href":"https:\/\/api.w.org\/{rel}","templated":true}]}}