{"id":8553,"date":"2024-01-15T16:59:57","date_gmt":"2024-01-15T15:59:57","guid":{"rendered":"https:\/\/canut-conseil.fr\/?page_id=8553"},"modified":"2025-01-21T11:58:42","modified_gmt":"2025-01-21T10:58:42","slug":"alerte-mail","status":"publish","type":"page","link":"https:\/\/canut-conseil.fr\/index.php\/alerte-mail\/","title":{"rendered":"Formulaire alerte mail"},"content":{"rendered":"\n<div class=\"wp-block-buttons is-layout-flex wp-block-buttons-is-layout-flex\">\n<div class=\"wp-block-button\"><a class=\"wp-block-button__link has-white-color has-text-color has-background wp-element-button\" style=\"background-color:#fb4c0d\">Agent immobilier \u00e0 LYON\/ CROIX-ROUSSE avec HONORAIRES REDUITS !<\/a><\/div>\n<\/div>\n\n\n\n<p class=\"has-white-color has-text-color\">.<\/p>\n\n\n\n<p class=\"has-text-align-left has-text-color\" style=\"color:#fb4c0d\"><strong>Merci de compl\u00e9ter ce formulaire rapide afin de vous proposer le bien qui vous correspond le mieux.<\/strong><\/p>\n\n\n\n<p class=\"has-text-align-left has-black-color has-text-color\">Si vous avez une question ou besoin de conseils pour vous aider \u00e0 compl\u00e9ter ce formulaire, votre conseiller habituel reste \u00e0 votre disposition au 04.78.39.71.98<\/p>\n\n\n\n<p>.<\/p>\n\n\n<div class=\"wpforms-container wpforms-container-full wpforms-block wpforms-block-cb9ffbf2-5483-42eb-bc4f-f354273dda06\" id=\"wpforms-2019\"><form id=\"wpforms-form-2019\" class=\"wpforms-validate wpforms-form wpforms-ajax-form\" data-formid=\"2019\" method=\"post\" enctype=\"multipart\/form-data\" action=\"\/index.php\/wp-json\/wp\/v2\/pages\/8553\" data-token=\"aeeac2064f3eb66039f526b79da38a8e\" data-token-time=\"1776653863\"><div class=\"wpforms-head-container\"><div class=\"wpforms-title\">Alerte mail personnalis\u00e9e<\/div><\/div><noscript class=\"wpforms-error-noscript\">Veuillez activer JavaScript dans votre navigateur pour remplir ce formulaire.<\/noscript><div class=\"wpforms-field-container\"><div id=\"wpforms-2019-field_16-container\" class=\"wpforms-field wpforms-field-checkbox\" data-field-id=\"16\"><label class=\"wpforms-field-label\">Nombre de chambres : <span class=\"wpforms-required-label\">*<\/span><\/label><ul id=\"wpforms-2019-field_16\" class=\"wpforms-field-required\"><li class=\"choice-1 depth-1\"><input type=\"checkbox\" id=\"wpforms-2019-field_16_1\" name=\"wpforms[fields][16][]\" value=\"1\" required ><label class=\"wpforms-field-label-inline\" for=\"wpforms-2019-field_16_1\">1<\/label><\/li><li class=\"choice-2 depth-1\"><input type=\"checkbox\" id=\"wpforms-2019-field_16_2\" name=\"wpforms[fields][16][]\" value=\"2\" required ><label class=\"wpforms-field-label-inline\" for=\"wpforms-2019-field_16_2\">2<\/label><\/li><li class=\"choice-3 depth-1\"><input type=\"checkbox\" id=\"wpforms-2019-field_16_3\" name=\"wpforms[fields][16][]\" value=\"3\" required ><label class=\"wpforms-field-label-inline\" for=\"wpforms-2019-field_16_3\">3<\/label><\/li><li class=\"choice-4 depth-1\"><input type=\"checkbox\" id=\"wpforms-2019-field_16_4\" name=\"wpforms[fields][16][]\" value=\"4 et plus\" required ><label class=\"wpforms-field-label-inline\" for=\"wpforms-2019-field_16_4\">4 et plus<\/label><\/li><\/ul><\/div><div id=\"wpforms-2019-field_6-container\" class=\"wpforms-field wpforms-field-checkbox\" data-field-id=\"6\"><label class=\"wpforms-field-label\">Surface souhait\u00e9e<\/label><ul id=\"wpforms-2019-field_6\"><li class=\"choice-1 depth-1\"><input type=\"checkbox\" id=\"wpforms-2019-field_6_1\" name=\"wpforms[fields][6][]\" value=\"0 \u00e0 50 m\u00b2\"  ><label class=\"wpforms-field-label-inline\" for=\"wpforms-2019-field_6_1\">0 \u00e0 50 m\u00b2<\/label><\/li><li class=\"choice-2 depth-1\"><input type=\"checkbox\" id=\"wpforms-2019-field_6_2\" name=\"wpforms[fields][6][]\" value=\"50 \u00e0 80 m\u00b2\"  ><label class=\"wpforms-field-label-inline\" for=\"wpforms-2019-field_6_2\">50 \u00e0 80 m\u00b2<\/label><\/li><li class=\"choice-3 depth-1\"><input type=\"checkbox\" id=\"wpforms-2019-field_6_3\" name=\"wpforms[fields][6][]\" value=\"80 \u00e0 120 m\u00b2\"  ><label class=\"wpforms-field-label-inline\" for=\"wpforms-2019-field_6_3\">80 \u00e0 120 m\u00b2<\/label><\/li><li class=\"choice-4 depth-1\"><input type=\"checkbox\" id=\"wpforms-2019-field_6_4\" name=\"wpforms[fields][6][]\" value=\"120 m\u00b2 et +\"  ><label class=\"wpforms-field-label-inline\" for=\"wpforms-2019-field_6_4\">120 m\u00b2 et +<\/label><\/li><\/ul><\/div><div id=\"wpforms-2019-field_15-container\" class=\"wpforms-field wpforms-field-checkbox\" data-field-id=\"15\"><label class=\"wpforms-field-label\">Secteur g\u00e9ographique <span class=\"wpforms-required-label\">*<\/span><\/label><ul id=\"wpforms-2019-field_15\" class=\"wpforms-field-required\"><li class=\"choice-1 depth-1\"><input type=\"checkbox\" id=\"wpforms-2019-field_15_1\" name=\"wpforms[fields][15][]\" value=\"Lyon 1er\" required ><label class=\"wpforms-field-label-inline\" for=\"wpforms-2019-field_15_1\">Lyon 1er<\/label><\/li><li class=\"choice-2 depth-1\"><input type=\"checkbox\" id=\"wpforms-2019-field_15_2\" name=\"wpforms[fields][15][]\" value=\"Lyon 2\u00e8me\" required ><label class=\"wpforms-field-label-inline\" for=\"wpforms-2019-field_15_2\">Lyon 2\u00e8me<\/label><\/li><li class=\"choice-3 depth-1\"><input type=\"checkbox\" id=\"wpforms-2019-field_15_3\" name=\"wpforms[fields][15][]\" value=\"Lyon 3\u00e8me\" required ><label class=\"wpforms-field-label-inline\" for=\"wpforms-2019-field_15_3\">Lyon 3\u00e8me<\/label><\/li><li class=\"choice-8 depth-1\"><input type=\"checkbox\" id=\"wpforms-2019-field_15_8\" name=\"wpforms[fields][15][]\" value=\"Lyon 4\u00e8me\" required ><label class=\"wpforms-field-label-inline\" for=\"wpforms-2019-field_15_8\">Lyon 4\u00e8me<\/label><\/li><li class=\"choice-7 depth-1\"><input type=\"checkbox\" id=\"wpforms-2019-field_15_7\" name=\"wpforms[fields][15][]\" value=\"Lyon 5\u00e8me\" required ><label class=\"wpforms-field-label-inline\" for=\"wpforms-2019-field_15_7\">Lyon 5\u00e8me<\/label><\/li><li class=\"choice-6 depth-1\"><input type=\"checkbox\" id=\"wpforms-2019-field_15_6\" name=\"wpforms[fields][15][]\" value=\"Lyon 6\u00e8me\" required ><label class=\"wpforms-field-label-inline\" for=\"wpforms-2019-field_15_6\">Lyon 6\u00e8me<\/label><\/li><li class=\"choice-5 depth-1\"><input type=\"checkbox\" id=\"wpforms-2019-field_15_5\" name=\"wpforms[fields][15][]\" value=\"Lyon 7\u00e8me\" required ><label class=\"wpforms-field-label-inline\" for=\"wpforms-2019-field_15_5\">Lyon 7\u00e8me<\/label><\/li><li class=\"choice-4 depth-1\"><input type=\"checkbox\" id=\"wpforms-2019-field_15_4\" name=\"wpforms[fields][15][]\" value=\"Lyon 8\u00e8me\" required ><label class=\"wpforms-field-label-inline\" for=\"wpforms-2019-field_15_4\">Lyon 8\u00e8me<\/label><\/li><li class=\"choice-9 depth-1\"><input type=\"checkbox\" id=\"wpforms-2019-field_15_9\" name=\"wpforms[fields][15][]\" value=\"Lyon 9\u00e8me\" required ><label class=\"wpforms-field-label-inline\" for=\"wpforms-2019-field_15_9\">Lyon 9\u00e8me<\/label><\/li><li class=\"choice-10 depth-1\"><input type=\"checkbox\" id=\"wpforms-2019-field_15_10\" name=\"wpforms[fields][15][]\" value=\"Autre\" required ><label class=\"wpforms-field-label-inline\" for=\"wpforms-2019-field_15_10\">Autre<\/label><\/li><\/ul><\/div><div id=\"wpforms-2019-field_14-container\" class=\"wpforms-field wpforms-field-number\" data-field-id=\"14\"><label class=\"wpforms-field-label\" for=\"wpforms-2019-field_14\">Budget maximum en \u20ac  <span class=\"wpforms-required-label\">*<\/span><\/label><input type=\"number\" id=\"wpforms-2019-field_14\" class=\"wpforms-field-medium wpforms-field-required\" name=\"wpforms[fields][14]\" step=\"any\" required><\/div><div id=\"wpforms-2019-field_4-container\" class=\"wpforms-field wpforms-field-textarea\" data-field-id=\"4\"><label class=\"wpforms-field-label\" for=\"wpforms-2019-field_4\">Description de vos crit\u00e8res&#8230;<\/label><textarea id=\"wpforms-2019-field_4\" class=\"wpforms-field-medium\" name=\"wpforms[fields][4]\" ><\/textarea><\/div><div id=\"wpforms-2019-field_18-container\" class=\"wpforms-field wpforms-field-name\" data-field-id=\"18\"><label class=\"wpforms-field-label\">Pr\u00e9nom et Nom <span class=\"wpforms-required-label\">*<\/span><\/label><div class=\"wpforms-field-row wpforms-field-medium\"><div class=\"wpforms-field-row-block wpforms-first wpforms-one-half\"><input type=\"text\" id=\"wpforms-2019-field_18\" class=\"wpforms-field-name-first wpforms-field-required\" name=\"wpforms[fields][18][first]\" required><label for=\"wpforms-2019-field_18\" class=\"wpforms-field-sublabel after\">Pr\u00e9nom<\/label><\/div><div class=\"wpforms-field-row-block wpforms-one-half\"><input type=\"text\" id=\"wpforms-2019-field_18-last\" class=\"wpforms-field-name-last wpforms-field-required\" name=\"wpforms[fields][18][last]\" required><label for=\"wpforms-2019-field_18-last\" class=\"wpforms-field-sublabel after\">Nom<\/label><\/div><\/div><\/div><div id=\"wpforms-2019-field_19-container\" class=\"wpforms-field wpforms-field-phone\" data-field-id=\"19\"><label class=\"wpforms-field-label\" for=\"wpforms-2019-field_19\">T\u00e9l\u00e9phone <span class=\"wpforms-required-label\">*<\/span><\/label><input type=\"tel\" id=\"wpforms-2019-field_19\" class=\"wpforms-field-medium wpforms-field-required wpforms-smart-phone-field\" data-rule-smart-phone-field=\"true\" name=\"wpforms[fields][19]\" aria-label=\"T\u00e9l\u00e9phone\" required><\/div><div id=\"wpforms-2019-field_20-container\" class=\"wpforms-field wpforms-field-email\" data-field-id=\"20\"><label class=\"wpforms-field-label\" for=\"wpforms-2019-field_20\">E-mail <span class=\"wpforms-required-label\">*<\/span><\/label><input type=\"email\" id=\"wpforms-2019-field_20\" class=\"wpforms-field-medium wpforms-field-required\" name=\"wpforms[fields][20]\" spellcheck=\"false\" required><\/div><\/div><!-- .wpforms-field-container --><div class=\"wpforms-submit-container\" ><input type=\"hidden\" name=\"wpforms[id]\" value=\"2019\"><input type=\"hidden\" name=\"page_title\" value=\"\"><input type=\"hidden\" name=\"page_url\" value=\"https:\/\/canut-conseil.fr\/index.php\/wp-json\/wp\/v2\/pages\/8553\"><input type=\"hidden\" name=\"url_referer\" value=\"\"><button type=\"submit\" name=\"wpforms[submit]\" id=\"wpforms-submit-2019\" class=\"wpforms-submit\" data-alt-text=\"en cours...\" data-submit-text=\"Envoyer\" aria-live=\"assertive\" value=\"wpforms-submit\">Envoyer<\/button><img loading=\"lazy\" decoding=\"async\" src=\"https:\/\/canut-conseil.fr\/wp-content\/plugins\/wpforms\/assets\/images\/submit-spin.svg\" class=\"wpforms-submit-spinner\" style=\"display: none;\" width=\"26\" height=\"26\" alt=\"Chargement en cours\"><\/div><\/form><\/div>  <!-- .wpforms-container -->","protected":false},"excerpt":{"rendered":"<p>. Merci de compl\u00e9ter ce formulaire rapide afin de vous proposer le bien qui vous correspond le mieux. Si vous avez une question ou besoin de conseils pour vous aider \u00e0 compl\u00e9ter ce formulaire, votre conseiller habituel reste \u00e0 votre disposition au 04.78.39.71.98 .<\/p>\n","protected":false},"author":1,"featured_media":10365,"parent":0,"menu_order":0,"comment_status":"closed","ping_status":"closed","template":"","meta":{"footnotes":""},"class_list":["post-8553","page","type-page","status-publish","has-post-thumbnail","hentry"],"yoast_head":"<!-- This site is optimized with the Yoast SEO plugin v25.5 - https:\/\/yoast.com\/wordpress\/plugins\/seo\/ -->\n<title>Formulaire alerte mail - CANUT CONSEIL IMMOBILIER<\/title>\n<meta name=\"robots\" content=\"index, follow, max-snippet:-1, max-image-preview:large, max-video-preview:-1\" \/>\n<link rel=\"canonical\" href=\"https:\/\/canut-conseil.fr\/index.php\/alerte-mail\/\" \/>\n<meta property=\"og:locale\" content=\"fr_FR\" \/>\n<meta property=\"og:type\" content=\"article\" \/>\n<meta property=\"og:title\" content=\"Formulaire alerte mail - CANUT CONSEIL IMMOBILIER\" \/>\n<meta property=\"og:description\" content=\". Merci de compl\u00e9ter ce formulaire rapide afin de vous proposer le bien qui vous correspond le mieux. Si vous avez une question ou besoin de conseils pour vous aider \u00e0 compl\u00e9ter ce formulaire, votre conseiller habituel reste \u00e0 votre disposition au 04.78.39.71.98 .\" \/>\n<meta property=\"og:url\" content=\"https:\/\/canut-conseil.fr\/index.php\/alerte-mail\/\" \/>\n<meta property=\"og:site_name\" content=\"CANUT CONSEIL IMMOBILIER\" \/>\n<meta property=\"article:modified_time\" content=\"2025-01-21T10:58:42+00:00\" \/>\n<meta property=\"og:image\" content=\"https:\/\/canut-conseil.fr\/wp-content\/uploads\/2024\/10\/Illustration-Finale-Canuts-redim-site-web.jpg\" \/>\n\t<meta property=\"og:image:width\" content=\"744\" \/>\n\t<meta property=\"og:image:height\" content=\"1053\" \/>\n\t<meta property=\"og:image:type\" content=\"image\/jpeg\" \/>\n<meta name=\"twitter:card\" content=\"summary_large_image\" \/>\n<meta name=\"twitter:label1\" content=\"Dur\u00e9e de lecture estim\u00e9e\" \/>\n\t<meta name=\"twitter:data1\" content=\"1 minute\" \/>\n<script type=\"application\/ld+json\" class=\"yoast-schema-graph\">{\"@context\":\"https:\/\/schema.org\",\"@graph\":[{\"@type\":\"WebPage\",\"@id\":\"https:\/\/canut-conseil.fr\/index.php\/alerte-mail\/\",\"url\":\"https:\/\/canut-conseil.fr\/index.php\/alerte-mail\/\",\"name\":\"Formulaire alerte mail - CANUT CONSEIL IMMOBILIER\",\"isPartOf\":{\"@id\":\"https:\/\/canut-conseil.fr\/#website\"},\"primaryImageOfPage\":{\"@id\":\"https:\/\/canut-conseil.fr\/index.php\/alerte-mail\/#primaryimage\"},\"image\":{\"@id\":\"https:\/\/canut-conseil.fr\/index.php\/alerte-mail\/#primaryimage\"},\"thumbnailUrl\":\"https:\/\/canut-conseil.fr\/wp-content\/uploads\/2024\/10\/Illustration-Finale-Canuts-redim-site-web.jpg\",\"datePublished\":\"2024-01-15T15:59:57+00:00\",\"dateModified\":\"2025-01-21T10:58:42+00:00\",\"breadcrumb\":{\"@id\":\"https:\/\/canut-conseil.fr\/index.php\/alerte-mail\/#breadcrumb\"},\"inLanguage\":\"fr-FR\",\"potentialAction\":[{\"@type\":\"ReadAction\",\"target\":[\"https:\/\/canut-conseil.fr\/index.php\/alerte-mail\/\"]}]},{\"@type\":\"ImageObject\",\"inLanguage\":\"fr-FR\",\"@id\":\"https:\/\/canut-conseil.fr\/index.php\/alerte-mail\/#primaryimage\",\"url\":\"https:\/\/canut-conseil.fr\/wp-content\/uploads\/2024\/10\/Illustration-Finale-Canuts-redim-site-web.jpg\",\"contentUrl\":\"https:\/\/canut-conseil.fr\/wp-content\/uploads\/2024\/10\/Illustration-Finale-Canuts-redim-site-web.jpg\",\"width\":744,\"height\":1053},{\"@type\":\"BreadcrumbList\",\"@id\":\"https:\/\/canut-conseil.fr\/index.php\/alerte-mail\/#breadcrumb\",\"itemListElement\":[{\"@type\":\"ListItem\",\"position\":1,\"name\":\"Accueil\",\"item\":\"https:\/\/canut-conseil.fr\/\"},{\"@type\":\"ListItem\",\"position\":2,\"name\":\"Formulaire alerte mail\"}]},{\"@type\":\"WebSite\",\"@id\":\"https:\/\/canut-conseil.fr\/#website\",\"url\":\"https:\/\/canut-conseil.fr\/\",\"name\":\"CANUT CONSEIL IMMOBILIER Lyon Croix-Rousse (69004)\",\"description\":\"Agent immobilier \u00e0 Lyon \/ Croix-Rousse\",\"publisher\":{\"@id\":\"https:\/\/canut-conseil.fr\/#organization\"},\"potentialAction\":[{\"@type\":\"SearchAction\",\"target\":{\"@type\":\"EntryPoint\",\"urlTemplate\":\"https:\/\/canut-conseil.fr\/?s={search_term_string}\"},\"query-input\":{\"@type\":\"PropertyValueSpecification\",\"valueRequired\":true,\"valueName\":\"search_term_string\"}}],\"inLanguage\":\"fr-FR\"},{\"@type\":\"Organization\",\"@id\":\"https:\/\/canut-conseil.fr\/#organization\",\"name\":\"CANUT CONSEIL IMMOBILIER Lyon Croix-Rousse (69004)\",\"url\":\"https:\/\/canut-conseil.fr\/\",\"logo\":{\"@type\":\"ImageObject\",\"inLanguage\":\"fr-FR\",\"@id\":\"https:\/\/canut-conseil.fr\/#\/schema\/logo\/image\/\",\"url\":\"https:\/\/canut-conseil.fr\/wp-content\/uploads\/2021\/12\/cropped-logo-nobackground-200-1.png\",\"contentUrl\":\"https:\/\/canut-conseil.fr\/wp-content\/uploads\/2021\/12\/cropped-logo-nobackground-200-1.png\",\"width\":200,\"height\":200,\"caption\":\"CANUT CONSEIL IMMOBILIER Lyon Croix-Rousse (69004)\"},\"image\":{\"@id\":\"https:\/\/canut-conseil.fr\/#\/schema\/logo\/image\/\"}}]}<\/script>\n<!-- \/ Yoast SEO plugin. -->","yoast_head_json":{"title":"Formulaire alerte mail - CANUT CONSEIL IMMOBILIER","robots":{"index":"index","follow":"follow","max-snippet":"max-snippet:-1","max-image-preview":"max-image-preview:large","max-video-preview":"max-video-preview:-1"},"canonical":"https:\/\/canut-conseil.fr\/index.php\/alerte-mail\/","og_locale":"fr_FR","og_type":"article","og_title":"Formulaire alerte mail - CANUT CONSEIL IMMOBILIER","og_description":". Merci de compl\u00e9ter ce formulaire rapide afin de vous proposer le bien qui vous correspond le mieux. Si vous avez une question ou besoin de conseils pour vous aider \u00e0 compl\u00e9ter ce formulaire, votre conseiller habituel reste \u00e0 votre disposition au 04.78.39.71.98 .","og_url":"https:\/\/canut-conseil.fr\/index.php\/alerte-mail\/","og_site_name":"CANUT CONSEIL IMMOBILIER","article_modified_time":"2025-01-21T10:58:42+00:00","og_image":[{"width":744,"height":1053,"url":"https:\/\/canut-conseil.fr\/wp-content\/uploads\/2024\/10\/Illustration-Finale-Canuts-redim-site-web.jpg","type":"image\/jpeg"}],"twitter_card":"summary_large_image","twitter_misc":{"Dur\u00e9e de lecture estim\u00e9e":"1 minute"},"schema":{"@context":"https:\/\/schema.org","@graph":[{"@type":"WebPage","@id":"https:\/\/canut-conseil.fr\/index.php\/alerte-mail\/","url":"https:\/\/canut-conseil.fr\/index.php\/alerte-mail\/","name":"Formulaire alerte mail - CANUT CONSEIL IMMOBILIER","isPartOf":{"@id":"https:\/\/canut-conseil.fr\/#website"},"primaryImageOfPage":{"@id":"https:\/\/canut-conseil.fr\/index.php\/alerte-mail\/#primaryimage"},"image":{"@id":"https:\/\/canut-conseil.fr\/index.php\/alerte-mail\/#primaryimage"},"thumbnailUrl":"https:\/\/canut-conseil.fr\/wp-content\/uploads\/2024\/10\/Illustration-Finale-Canuts-redim-site-web.jpg","datePublished":"2024-01-15T15:59:57+00:00","dateModified":"2025-01-21T10:58:42+00:00","breadcrumb":{"@id":"https:\/\/canut-conseil.fr\/index.php\/alerte-mail\/#breadcrumb"},"inLanguage":"fr-FR","potentialAction":[{"@type":"ReadAction","target":["https:\/\/canut-conseil.fr\/index.php\/alerte-mail\/"]}]},{"@type":"ImageObject","inLanguage":"fr-FR","@id":"https:\/\/canut-conseil.fr\/index.php\/alerte-mail\/#primaryimage","url":"https:\/\/canut-conseil.fr\/wp-content\/uploads\/2024\/10\/Illustration-Finale-Canuts-redim-site-web.jpg","contentUrl":"https:\/\/canut-conseil.fr\/wp-content\/uploads\/2024\/10\/Illustration-Finale-Canuts-redim-site-web.jpg","width":744,"height":1053},{"@type":"BreadcrumbList","@id":"https:\/\/canut-conseil.fr\/index.php\/alerte-mail\/#breadcrumb","itemListElement":[{"@type":"ListItem","position":1,"name":"Accueil","item":"https:\/\/canut-conseil.fr\/"},{"@type":"ListItem","position":2,"name":"Formulaire alerte mail"}]},{"@type":"WebSite","@id":"https:\/\/canut-conseil.fr\/#website","url":"https:\/\/canut-conseil.fr\/","name":"CANUT CONSEIL IMMOBILIER Lyon Croix-Rousse (69004)","description":"Agent immobilier \u00e0 Lyon \/ Croix-Rousse","publisher":{"@id":"https:\/\/canut-conseil.fr\/#organization"},"potentialAction":[{"@type":"SearchAction","target":{"@type":"EntryPoint","urlTemplate":"https:\/\/canut-conseil.fr\/?s={search_term_string}"},"query-input":{"@type":"PropertyValueSpecification","valueRequired":true,"valueName":"search_term_string"}}],"inLanguage":"fr-FR"},{"@type":"Organization","@id":"https:\/\/canut-conseil.fr\/#organization","name":"CANUT CONSEIL IMMOBILIER Lyon Croix-Rousse (69004)","url":"https:\/\/canut-conseil.fr\/","logo":{"@type":"ImageObject","inLanguage":"fr-FR","@id":"https:\/\/canut-conseil.fr\/#\/schema\/logo\/image\/","url":"https:\/\/canut-conseil.fr\/wp-content\/uploads\/2021\/12\/cropped-logo-nobackground-200-1.png","contentUrl":"https:\/\/canut-conseil.fr\/wp-content\/uploads\/2021\/12\/cropped-logo-nobackground-200-1.png","width":200,"height":200,"caption":"CANUT CONSEIL IMMOBILIER Lyon Croix-Rousse (69004)"},"image":{"@id":"https:\/\/canut-conseil.fr\/#\/schema\/logo\/image\/"}}]}},"_links":{"self":[{"href":"https:\/\/canut-conseil.fr\/index.php\/wp-json\/wp\/v2\/pages\/8553","targetHints":{"allow":["GET"]}}],"collection":[{"href":"https:\/\/canut-conseil.fr\/index.php\/wp-json\/wp\/v2\/pages"}],"about":[{"href":"https:\/\/canut-conseil.fr\/index.php\/wp-json\/wp\/v2\/types\/page"}],"author":[{"embeddable":true,"href":"https:\/\/canut-conseil.fr\/index.php\/wp-json\/wp\/v2\/users\/1"}],"replies":[{"embeddable":true,"href":"https:\/\/canut-conseil.fr\/index.php\/wp-json\/wp\/v2\/comments?post=8553"}],"version-history":[{"count":9,"href":"https:\/\/canut-conseil.fr\/index.php\/wp-json\/wp\/v2\/pages\/8553\/revisions"}],"predecessor-version":[{"id":10893,"href":"https:\/\/canut-conseil.fr\/index.php\/wp-json\/wp\/v2\/pages\/8553\/revisions\/10893"}],"wp:featuredmedia":[{"embeddable":true,"href":"https:\/\/canut-conseil.fr\/index.php\/wp-json\/wp\/v2\/media\/10365"}],"wp:attachment":[{"href":"https:\/\/canut-conseil.fr\/index.php\/wp-json\/wp\/v2\/media?parent=8553"}],"curies":[{"name":"wp","href":"https:\/\/api.w.org\/{rel}","templated":true}]}}