{"id":8598,"date":"2024-01-15T18:52:19","date_gmt":"2024-01-15T17:52:19","guid":{"rendered":"https:\/\/canut-conseil.fr\/?page_id=8598"},"modified":"2025-11-03T17:07:57","modified_gmt":"2025-11-03T16:07:57","slug":"formulaire-avis-clients","status":"publish","type":"page","link":"https:\/\/canut-conseil.fr\/index.php\/formulaire-avis-clients\/","title":{"rendered":"Formulaire avis clients"},"content":{"rendered":"\n<p class=\"has-white-color has-text-color\">.<\/p>\n\n\n\n<p class=\"has-text-color has-link-color wp-elements-44617d66a25884fb68fe0f7ebc2c5aa4\" style=\"color:#fb4c0d\"><strong>Vous avez appr\u00e9ci\u00e9 Canut Conseil Immobilier ?<\/strong><\/p>\n\n\n\n<!-- Widget Verifis -->\n<div class=\"verifis-widget\" data-client-id=\"fb837e347719228181dfa5c9efa967fd\">\n<\/div>\n<script src=\"https:\/\/www.verifis.fr\/business\/verifis-widget.js\" async><\/script>\n<!-- Fin du Widget Verifis -->\n\n\n\n<p class=\"has-text-align-left has-black-color has-text-color\">Dites-le nous ! Et laissez un commentaire. Votre avis qu&#8217;il soit positif ou n\u00e9gatif est toujours b\u00e9n\u00e9fique pour l&#8217;entreprise, il sera publi\u00e9 en conservant seulement votre &#8220;pr\u00e9nom&#8221; sur notre site internet.<\/p>\n\n\n\n<p class=\"has-text-align-left has-black-color has-text-color\">Merci !<\/p>\n\n\n<div class=\"wpforms-container wpforms-container-full wpforms-block wpforms-block-8869a0fd-e2c8-4ac3-a092-a1a074421af5\" id=\"wpforms-8595\"><form id=\"wpforms-form-8595\" class=\"wpforms-validate wpforms-form wpforms-ajax-form\" data-formid=\"8595\" method=\"post\" enctype=\"multipart\/form-data\" action=\"\/index.php\/wp-json\/wp\/v2\/pages\/8598\" data-token=\"7f07073462d9c7877168579feafb8d37\" data-token-time=\"1776653961\"><div class=\"wpforms-head-container\"><div class=\"wpforms-title\">Avis client<\/div><\/div><noscript class=\"wpforms-error-noscript\">Veuillez activer JavaScript dans votre navigateur pour remplir ce formulaire.<\/noscript><div class=\"wpforms-field-container\"><div id=\"wpforms-8595-field_3-container\" class=\"wpforms-field wpforms-field-rating\" data-field-id=\"3\"><label class=\"wpforms-field-label\">Merci de cocher votre \u00e9valuation globale <span class=\"wpforms-required-label\">*<\/span><\/label><div class=\"wpforms-field-rating-items\"><label class=\"wpforms-field-rating-item choice-1\" for=\"wpforms-8595-field_3_1\"><span class=\"wpforms-screen-reader-element\">Note de 1 sur 5<\/span><input type=\"radio\" id=\"wpforms-8595-field_3_1\" class=\"wpforms-field-required wpforms-screen-reader-element\" name=\"wpforms[fields][3]\" value=\"1\" required><svg width=\"28\" height=\"28\" style=\"height:28px;width:28px;\" fill=\"currentColor\" color=\"#e27730\" viewBox=\"0 0 1792 1792\" xmlns=\"http:\/\/www.w3.org\/2000\/svg\"><path d=\"M1728 647q0 22-26 48l-363 354 86 500q1 7 1 20 0 21-10.5 35.5t-30.5 14.5q-19 0-40-12l-449-236-449 236q-22 12-40 12-21 0-31.5-14.5t-10.5-35.5q0-6 2-20l86-500-364-354q-25-27-25-48 0-37 56-46l502-73 225-455q19-41 49-41t49 41l225 455 502 73q56 9 56 46z\"\/><\/svg><\/label><label class=\"wpforms-field-rating-item choice-2\" for=\"wpforms-8595-field_3_2\"><span class=\"wpforms-screen-reader-element\">Note de 2 sur 5<\/span><input type=\"radio\" id=\"wpforms-8595-field_3_2\" class=\"wpforms-field-required wpforms-screen-reader-element\" name=\"wpforms[fields][3]\" value=\"2\" required><svg width=\"28\" height=\"28\" style=\"height:28px;width:28px;\" fill=\"currentColor\" color=\"#e27730\" viewBox=\"0 0 1792 1792\" xmlns=\"http:\/\/www.w3.org\/2000\/svg\"><path d=\"M1728 647q0 22-26 48l-363 354 86 500q1 7 1 20 0 21-10.5 35.5t-30.5 14.5q-19 0-40-12l-449-236-449 236q-22 12-40 12-21 0-31.5-14.5t-10.5-35.5q0-6 2-20l86-500-364-354q-25-27-25-48 0-37 56-46l502-73 225-455q19-41 49-41t49 41l225 455 502 73q56 9 56 46z\"\/><\/svg><\/label><label class=\"wpforms-field-rating-item choice-3\" for=\"wpforms-8595-field_3_3\"><span class=\"wpforms-screen-reader-element\">Note de 3 sur 5<\/span><input type=\"radio\" id=\"wpforms-8595-field_3_3\" class=\"wpforms-field-required wpforms-screen-reader-element\" name=\"wpforms[fields][3]\" value=\"3\" required><svg width=\"28\" height=\"28\" style=\"height:28px;width:28px;\" fill=\"currentColor\" color=\"#e27730\" viewBox=\"0 0 1792 1792\" xmlns=\"http:\/\/www.w3.org\/2000\/svg\"><path d=\"M1728 647q0 22-26 48l-363 354 86 500q1 7 1 20 0 21-10.5 35.5t-30.5 14.5q-19 0-40-12l-449-236-449 236q-22 12-40 12-21 0-31.5-14.5t-10.5-35.5q0-6 2-20l86-500-364-354q-25-27-25-48 0-37 56-46l502-73 225-455q19-41 49-41t49 41l225 455 502 73q56 9 56 46z\"\/><\/svg><\/label><label class=\"wpforms-field-rating-item choice-4\" for=\"wpforms-8595-field_3_4\"><span class=\"wpforms-screen-reader-element\">Note de 4 sur 5<\/span><input type=\"radio\" id=\"wpforms-8595-field_3_4\" class=\"wpforms-field-required wpforms-screen-reader-element\" name=\"wpforms[fields][3]\" value=\"4\" required><svg width=\"28\" height=\"28\" style=\"height:28px;width:28px;\" fill=\"currentColor\" color=\"#e27730\" viewBox=\"0 0 1792 1792\" xmlns=\"http:\/\/www.w3.org\/2000\/svg\"><path d=\"M1728 647q0 22-26 48l-363 354 86 500q1 7 1 20 0 21-10.5 35.5t-30.5 14.5q-19 0-40-12l-449-236-449 236q-22 12-40 12-21 0-31.5-14.5t-10.5-35.5q0-6 2-20l86-500-364-354q-25-27-25-48 0-37 56-46l502-73 225-455q19-41 49-41t49 41l225 455 502 73q56 9 56 46z\"\/><\/svg><\/label><label class=\"wpforms-field-rating-item choice-5\" for=\"wpforms-8595-field_3_5\"><span class=\"wpforms-screen-reader-element\">Note de 5 sur 5<\/span><input type=\"radio\" id=\"wpforms-8595-field_3_5\" class=\"wpforms-field-required wpforms-screen-reader-element\" name=\"wpforms[fields][3]\" value=\"5\" required><svg width=\"28\" height=\"28\" style=\"height:28px;width:28px;\" fill=\"currentColor\" color=\"#e27730\" viewBox=\"0 0 1792 1792\" xmlns=\"http:\/\/www.w3.org\/2000\/svg\"><path d=\"M1728 647q0 22-26 48l-363 354 86 500q1 7 1 20 0 21-10.5 35.5t-30.5 14.5q-19 0-40-12l-449-236-449 236q-22 12-40 12-21 0-31.5-14.5t-10.5-35.5q0-6 2-20l86-500-364-354q-25-27-25-48 0-37 56-46l502-73 225-455q19-41 49-41t49 41l225 455 502 73q56 9 56 46z\"\/><\/svg><\/label><\/div><div class=\"wpforms-field-description\">de 1 (mauvais) \u00e0 5 (tr\u00e8s bien)<\/div><\/div><div id=\"wpforms-8595-field_4-container\" class=\"wpforms-field wpforms-field-textarea\" data-field-id=\"4\"><label class=\"wpforms-field-label\" for=\"wpforms-8595-field_4\">D\u00e9crivez votre exp\u00e9rience avec CANUT CONSEIL IMMOBILIER en d\u00e9tail&#8230; <span class=\"wpforms-required-label\">*<\/span><\/label><textarea id=\"wpforms-8595-field_4\" class=\"wpforms-field-medium wpforms-field-required\" name=\"wpforms[fields][4]\" required><\/textarea><div class=\"wpforms-field-description\">(texte libre)<\/div><\/div><div id=\"wpforms-8595-field_1-container\" class=\"wpforms-field wpforms-field-name\" data-field-id=\"1\"><label class=\"wpforms-field-label\">Pr\u00e9nom et Nom  <span class=\"wpforms-required-label\">*<\/span><\/label><div class=\"wpforms-field-row wpforms-field-medium\"><div class=\"wpforms-field-row-block wpforms-first wpforms-one-half\"><input type=\"text\" id=\"wpforms-8595-field_1\" class=\"wpforms-field-name-first wpforms-field-required\" name=\"wpforms[fields][1][first]\" required><label for=\"wpforms-8595-field_1\" class=\"wpforms-field-sublabel after\">Pr\u00e9nom<\/label><\/div><div class=\"wpforms-field-row-block wpforms-one-half\"><input type=\"text\" id=\"wpforms-8595-field_1-last\" class=\"wpforms-field-name-last wpforms-field-required\" name=\"wpforms[fields][1][last]\" required><label for=\"wpforms-8595-field_1-last\" class=\"wpforms-field-sublabel after\">Nom<\/label><\/div><\/div><div class=\"wpforms-field-description\">(NB : seuls votre pr\u00e9nom et l&#8217;initiale de votre nom de famille appara\u00eetront \u00e0 c\u00f4t\u00e9 de l&#8217;avis d\u00e9pos\u00e9)<\/div><\/div><div id=\"wpforms-8595-field_2-container\" class=\"wpforms-field wpforms-field-email\" data-field-id=\"2\"><label class=\"wpforms-field-label\" for=\"wpforms-8595-field_2\">E-mail <span class=\"wpforms-required-label\">*<\/span><\/label><input type=\"email\" id=\"wpforms-8595-field_2\" class=\"wpforms-field-medium wpforms-field-required\" name=\"wpforms[fields][2]\" spellcheck=\"false\" required><\/div><\/div><!-- .wpforms-field-container --><div class=\"wpforms-submit-container\" ><input type=\"hidden\" name=\"wpforms[id]\" value=\"8595\"><input type=\"hidden\" name=\"page_title\" value=\"\"><input type=\"hidden\" name=\"page_url\" value=\"https:\/\/canut-conseil.fr\/index.php\/wp-json\/wp\/v2\/pages\/8598\"><input type=\"hidden\" name=\"url_referer\" value=\"\"><button type=\"submit\" name=\"wpforms[submit]\" id=\"wpforms-submit-8595\" class=\"wpforms-submit\" data-alt-text=\"en cours...\" data-submit-text=\"Envoyer\" aria-live=\"assertive\" value=\"wpforms-submit\">Envoyer<\/button><img loading=\"lazy\" decoding=\"async\" src=\"https:\/\/canut-conseil.fr\/wp-content\/plugins\/wpforms\/assets\/images\/submit-spin.svg\" class=\"wpforms-submit-spinner\" style=\"display: none;\" width=\"26\" height=\"26\" alt=\"Chargement en cours\"><\/div><\/form><\/div>  <!-- .wpforms-container -->","protected":false},"excerpt":{"rendered":"<p>. Vous avez appr\u00e9ci\u00e9 Canut Conseil Immobilier ? Dites-le nous ! Et laissez un commentaire. Votre avis qu&#8217;il soit positif ou n\u00e9gatif est toujours b\u00e9n\u00e9fique pour l&#8217;entreprise, il sera publi\u00e9 en conservant seulement votre &#8220;pr\u00e9nom&#8221; sur notre site internet. Merci !<\/p>\n","protected":false},"author":1,"featured_media":10365,"parent":0,"menu_order":0,"comment_status":"closed","ping_status":"closed","template":"","meta":{"footnotes":""},"class_list":["post-8598","page","type-page","status-publish","has-post-thumbnail","hentry"],"yoast_head":"<!-- This site is optimized with the Yoast SEO plugin v25.5 - https:\/\/yoast.com\/wordpress\/plugins\/seo\/ -->\n<title>Formulaire avis clients - CANUT CONSEIL IMMOBILIER<\/title>\n<meta name=\"robots\" content=\"index, follow, max-snippet:-1, max-image-preview:large, max-video-preview:-1\" \/>\n<link rel=\"canonical\" href=\"https:\/\/canut-conseil.fr\/index.php\/formulaire-avis-clients\/\" \/>\n<meta property=\"og:locale\" content=\"fr_FR\" \/>\n<meta property=\"og:type\" content=\"article\" \/>\n<meta property=\"og:title\" content=\"Formulaire avis clients - CANUT CONSEIL IMMOBILIER\" \/>\n<meta property=\"og:description\" content=\". Vous avez appr\u00e9ci\u00e9 Canut Conseil Immobilier ? Dites-le nous ! Et laissez un commentaire. Votre avis qu&#8217;il soit positif ou n\u00e9gatif est toujours b\u00e9n\u00e9fique pour l&#8217;entreprise, il sera publi\u00e9 en conservant seulement votre &#8220;pr\u00e9nom&#8221; sur notre site internet. Merci !\" \/>\n<meta property=\"og:url\" content=\"https:\/\/canut-conseil.fr\/index.php\/formulaire-avis-clients\/\" \/>\n<meta property=\"og:site_name\" content=\"CANUT CONSEIL IMMOBILIER\" \/>\n<meta property=\"article:modified_time\" content=\"2025-11-03T16:07:57+00:00\" \/>\n<meta property=\"og:image\" content=\"https:\/\/canut-conseil.fr\/wp-content\/uploads\/2024\/10\/Illustration-Finale-Canuts-redim-site-web.jpg\" \/>\n\t<meta property=\"og:image:width\" content=\"744\" \/>\n\t<meta property=\"og:image:height\" content=\"1053\" \/>\n\t<meta property=\"og:image:type\" content=\"image\/jpeg\" \/>\n<meta name=\"twitter:card\" content=\"summary_large_image\" \/>\n<meta name=\"twitter:label1\" content=\"Dur\u00e9e de lecture estim\u00e9e\" \/>\n\t<meta name=\"twitter:data1\" content=\"1 minute\" \/>\n<script type=\"application\/ld+json\" class=\"yoast-schema-graph\">{\"@context\":\"https:\/\/schema.org\",\"@graph\":[{\"@type\":\"WebPage\",\"@id\":\"https:\/\/canut-conseil.fr\/index.php\/formulaire-avis-clients\/\",\"url\":\"https:\/\/canut-conseil.fr\/index.php\/formulaire-avis-clients\/\",\"name\":\"Formulaire avis clients - CANUT CONSEIL IMMOBILIER\",\"isPartOf\":{\"@id\":\"https:\/\/canut-conseil.fr\/#website\"},\"primaryImageOfPage\":{\"@id\":\"https:\/\/canut-conseil.fr\/index.php\/formulaire-avis-clients\/#primaryimage\"},\"image\":{\"@id\":\"https:\/\/canut-conseil.fr\/index.php\/formulaire-avis-clients\/#primaryimage\"},\"thumbnailUrl\":\"https:\/\/canut-conseil.fr\/wp-content\/uploads\/2024\/10\/Illustration-Finale-Canuts-redim-site-web.jpg\",\"datePublished\":\"2024-01-15T17:52:19+00:00\",\"dateModified\":\"2025-11-03T16:07:57+00:00\",\"breadcrumb\":{\"@id\":\"https:\/\/canut-conseil.fr\/index.php\/formulaire-avis-clients\/#breadcrumb\"},\"inLanguage\":\"fr-FR\",\"potentialAction\":[{\"@type\":\"ReadAction\",\"target\":[\"https:\/\/canut-conseil.fr\/index.php\/formulaire-avis-clients\/\"]}]},{\"@type\":\"ImageObject\",\"inLanguage\":\"fr-FR\",\"@id\":\"https:\/\/canut-conseil.fr\/index.php\/formulaire-avis-clients\/#primaryimage\",\"url\":\"https:\/\/canut-conseil.fr\/wp-content\/uploads\/2024\/10\/Illustration-Finale-Canuts-redim-site-web.jpg\",\"contentUrl\":\"https:\/\/canut-conseil.fr\/wp-content\/uploads\/2024\/10\/Illustration-Finale-Canuts-redim-site-web.jpg\",\"width\":744,\"height\":1053},{\"@type\":\"BreadcrumbList\",\"@id\":\"https:\/\/canut-conseil.fr\/index.php\/formulaire-avis-clients\/#breadcrumb\",\"itemListElement\":[{\"@type\":\"ListItem\",\"position\":1,\"name\":\"Accueil\",\"item\":\"https:\/\/canut-conseil.fr\/\"},{\"@type\":\"ListItem\",\"position\":2,\"name\":\"Formulaire avis clients\"}]},{\"@type\":\"WebSite\",\"@id\":\"https:\/\/canut-conseil.fr\/#website\",\"url\":\"https:\/\/canut-conseil.fr\/\",\"name\":\"CANUT CONSEIL IMMOBILIER Lyon Croix-Rousse (69004)\",\"description\":\"Agent immobilier \u00e0 Lyon \/ Croix-Rousse\",\"publisher\":{\"@id\":\"https:\/\/canut-conseil.fr\/#organization\"},\"potentialAction\":[{\"@type\":\"SearchAction\",\"target\":{\"@type\":\"EntryPoint\",\"urlTemplate\":\"https:\/\/canut-conseil.fr\/?s={search_term_string}\"},\"query-input\":{\"@type\":\"PropertyValueSpecification\",\"valueRequired\":true,\"valueName\":\"search_term_string\"}}],\"inLanguage\":\"fr-FR\"},{\"@type\":\"Organization\",\"@id\":\"https:\/\/canut-conseil.fr\/#organization\",\"name\":\"CANUT CONSEIL IMMOBILIER Lyon Croix-Rousse (69004)\",\"url\":\"https:\/\/canut-conseil.fr\/\",\"logo\":{\"@type\":\"ImageObject\",\"inLanguage\":\"fr-FR\",\"@id\":\"https:\/\/canut-conseil.fr\/#\/schema\/logo\/image\/\",\"url\":\"https:\/\/canut-conseil.fr\/wp-content\/uploads\/2021\/12\/cropped-logo-nobackground-200-1.png\",\"contentUrl\":\"https:\/\/canut-conseil.fr\/wp-content\/uploads\/2021\/12\/cropped-logo-nobackground-200-1.png\",\"width\":200,\"height\":200,\"caption\":\"CANUT CONSEIL IMMOBILIER Lyon Croix-Rousse (69004)\"},\"image\":{\"@id\":\"https:\/\/canut-conseil.fr\/#\/schema\/logo\/image\/\"}}]}<\/script>\n<!-- \/ Yoast SEO plugin. -->","yoast_head_json":{"title":"Formulaire avis clients - CANUT CONSEIL IMMOBILIER","robots":{"index":"index","follow":"follow","max-snippet":"max-snippet:-1","max-image-preview":"max-image-preview:large","max-video-preview":"max-video-preview:-1"},"canonical":"https:\/\/canut-conseil.fr\/index.php\/formulaire-avis-clients\/","og_locale":"fr_FR","og_type":"article","og_title":"Formulaire avis clients - CANUT CONSEIL IMMOBILIER","og_description":". Vous avez appr\u00e9ci\u00e9 Canut Conseil Immobilier ? Dites-le nous ! Et laissez un commentaire. Votre avis qu&#8217;il soit positif ou n\u00e9gatif est toujours b\u00e9n\u00e9fique pour l&#8217;entreprise, il sera publi\u00e9 en conservant seulement votre &#8220;pr\u00e9nom&#8221; sur notre site internet. Merci !","og_url":"https:\/\/canut-conseil.fr\/index.php\/formulaire-avis-clients\/","og_site_name":"CANUT CONSEIL IMMOBILIER","article_modified_time":"2025-11-03T16:07:57+00:00","og_image":[{"width":744,"height":1053,"url":"https:\/\/canut-conseil.fr\/wp-content\/uploads\/2024\/10\/Illustration-Finale-Canuts-redim-site-web.jpg","type":"image\/jpeg"}],"twitter_card":"summary_large_image","twitter_misc":{"Dur\u00e9e de lecture estim\u00e9e":"1 minute"},"schema":{"@context":"https:\/\/schema.org","@graph":[{"@type":"WebPage","@id":"https:\/\/canut-conseil.fr\/index.php\/formulaire-avis-clients\/","url":"https:\/\/canut-conseil.fr\/index.php\/formulaire-avis-clients\/","name":"Formulaire avis clients - CANUT CONSEIL IMMOBILIER","isPartOf":{"@id":"https:\/\/canut-conseil.fr\/#website"},"primaryImageOfPage":{"@id":"https:\/\/canut-conseil.fr\/index.php\/formulaire-avis-clients\/#primaryimage"},"image":{"@id":"https:\/\/canut-conseil.fr\/index.php\/formulaire-avis-clients\/#primaryimage"},"thumbnailUrl":"https:\/\/canut-conseil.fr\/wp-content\/uploads\/2024\/10\/Illustration-Finale-Canuts-redim-site-web.jpg","datePublished":"2024-01-15T17:52:19+00:00","dateModified":"2025-11-03T16:07:57+00:00","breadcrumb":{"@id":"https:\/\/canut-conseil.fr\/index.php\/formulaire-avis-clients\/#breadcrumb"},"inLanguage":"fr-FR","potentialAction":[{"@type":"ReadAction","target":["https:\/\/canut-conseil.fr\/index.php\/formulaire-avis-clients\/"]}]},{"@type":"ImageObject","inLanguage":"fr-FR","@id":"https:\/\/canut-conseil.fr\/index.php\/formulaire-avis-clients\/#primaryimage","url":"https:\/\/canut-conseil.fr\/wp-content\/uploads\/2024\/10\/Illustration-Finale-Canuts-redim-site-web.jpg","contentUrl":"https:\/\/canut-conseil.fr\/wp-content\/uploads\/2024\/10\/Illustration-Finale-Canuts-redim-site-web.jpg","width":744,"height":1053},{"@type":"BreadcrumbList","@id":"https:\/\/canut-conseil.fr\/index.php\/formulaire-avis-clients\/#breadcrumb","itemListElement":[{"@type":"ListItem","position":1,"name":"Accueil","item":"https:\/\/canut-conseil.fr\/"},{"@type":"ListItem","position":2,"name":"Formulaire avis clients"}]},{"@type":"WebSite","@id":"https:\/\/canut-conseil.fr\/#website","url":"https:\/\/canut-conseil.fr\/","name":"CANUT CONSEIL IMMOBILIER Lyon Croix-Rousse (69004)","description":"Agent immobilier \u00e0 Lyon \/ Croix-Rousse","publisher":{"@id":"https:\/\/canut-conseil.fr\/#organization"},"potentialAction":[{"@type":"SearchAction","target":{"@type":"EntryPoint","urlTemplate":"https:\/\/canut-conseil.fr\/?s={search_term_string}"},"query-input":{"@type":"PropertyValueSpecification","valueRequired":true,"valueName":"search_term_string"}}],"inLanguage":"fr-FR"},{"@type":"Organization","@id":"https:\/\/canut-conseil.fr\/#organization","name":"CANUT CONSEIL IMMOBILIER Lyon Croix-Rousse (69004)","url":"https:\/\/canut-conseil.fr\/","logo":{"@type":"ImageObject","inLanguage":"fr-FR","@id":"https:\/\/canut-conseil.fr\/#\/schema\/logo\/image\/","url":"https:\/\/canut-conseil.fr\/wp-content\/uploads\/2021\/12\/cropped-logo-nobackground-200-1.png","contentUrl":"https:\/\/canut-conseil.fr\/wp-content\/uploads\/2021\/12\/cropped-logo-nobackground-200-1.png","width":200,"height":200,"caption":"CANUT CONSEIL IMMOBILIER Lyon Croix-Rousse (69004)"},"image":{"@id":"https:\/\/canut-conseil.fr\/#\/schema\/logo\/image\/"}}]}},"_links":{"self":[{"href":"https:\/\/canut-conseil.fr\/index.php\/wp-json\/wp\/v2\/pages\/8598","targetHints":{"allow":["GET"]}}],"collection":[{"href":"https:\/\/canut-conseil.fr\/index.php\/wp-json\/wp\/v2\/pages"}],"about":[{"href":"https:\/\/canut-conseil.fr\/index.php\/wp-json\/wp\/v2\/types\/page"}],"author":[{"embeddable":true,"href":"https:\/\/canut-conseil.fr\/index.php\/wp-json\/wp\/v2\/users\/1"}],"replies":[{"embeddable":true,"href":"https:\/\/canut-conseil.fr\/index.php\/wp-json\/wp\/v2\/comments?post=8598"}],"version-history":[{"count":35,"href":"https:\/\/canut-conseil.fr\/index.php\/wp-json\/wp\/v2\/pages\/8598\/revisions"}],"predecessor-version":[{"id":12505,"href":"https:\/\/canut-conseil.fr\/index.php\/wp-json\/wp\/v2\/pages\/8598\/revisions\/12505"}],"wp:featuredmedia":[{"embeddable":true,"href":"https:\/\/canut-conseil.fr\/index.php\/wp-json\/wp\/v2\/media\/10365"}],"wp:attachment":[{"href":"https:\/\/canut-conseil.fr\/index.php\/wp-json\/wp\/v2\/media?parent=8598"}],"curies":[{"name":"wp","href":"https:\/\/api.w.org\/{rel}","templated":true}]}}